{"id":14245,"date":"2025-06-07T13:04:54","date_gmt":"2025-06-07T13:04:54","guid":{"rendered":"https:\/\/izpek.com.tr\/?page_id=14245"},"modified":"2025-06-21T12:34:47","modified_gmt":"2025-06-21T09:34:47","slug":"hakkimizda","status":"publish","type":"page","link":"https:\/\/izpek.com.tr\/de\/hakkimizda\/","title":{"rendered":"Hakk\u0131m\u0131zda"},"content":{"rendered":"<div data-elementor-type=\"wp-page\" data-elementor-id=\"14245\" class=\"elementor elementor-14245\" data-elementor-settings=\"{&quot;element_pack_global_tooltip_width&quot;:{&quot;unit&quot;:&quot;px&quot;,&quot;size&quot;:&quot;&quot;,&quot;sizes&quot;:[]},&quot;element_pack_global_tooltip_width_tablet&quot;:{&quot;unit&quot;:&quot;px&quot;,&quot;size&quot;:&quot;&quot;,&quot;sizes&quot;:[]},&quot;element_pack_global_tooltip_width_mobile&quot;:{&quot;unit&quot;:&quot;px&quot;,&quot;size&quot;:&quot;&quot;,&quot;sizes&quot;:[]},&quot;element_pack_global_tooltip_padding&quot;:{&quot;unit&quot;:&quot;px&quot;,&quot;top&quot;:&quot;&quot;,&quot;right&quot;:&quot;&quot;,&quot;bottom&quot;:&quot;&quot;,&quot;left&quot;:&quot;&quot;,&quot;isLinked&quot;:true},&quot;element_pack_global_tooltip_padding_tablet&quot;:{&quot;unit&quot;:&quot;px&quot;,&quot;top&quot;:&quot;&quot;,&quot;right&quot;:&quot;&quot;,&quot;bottom&quot;:&quot;&quot;,&quot;left&quot;:&quot;&quot;,&quot;isLinked&quot;:true},&quot;element_pack_global_tooltip_padding_mobile&quot;:{&quot;unit&quot;:&quot;px&quot;,&quot;top&quot;:&quot;&quot;,&quot;right&quot;:&quot;&quot;,&quot;bottom&quot;:&quot;&quot;,&quot;left&quot;:&quot;&quot;,&quot;isLinked&quot;:true},&quot;element_pack_global_tooltip_border_radius&quot;:{&quot;unit&quot;:&quot;px&quot;,&quot;top&quot;:&quot;&quot;,&quot;right&quot;:&quot;&quot;,&quot;bottom&quot;:&quot;&quot;,&quot;left&quot;:&quot;&quot;,&quot;isLinked&quot;:true},&quot;element_pack_global_tooltip_border_radius_tablet&quot;:{&quot;unit&quot;:&quot;px&quot;,&quot;top&quot;:&quot;&quot;,&quot;right&quot;:&quot;&quot;,&quot;bottom&quot;:&quot;&quot;,&quot;left&quot;:&quot;&quot;,&quot;isLinked&quot;:true},&quot;element_pack_global_tooltip_border_radius_mobile&quot;:{&quot;unit&quot;:&quot;px&quot;,&quot;top&quot;:&quot;&quot;,&quot;right&quot;:&quot;&quot;,&quot;bottom&quot;:&quot;&quot;,&quot;left&quot;:&quot;&quot;,&quot;isLinked&quot;:true}}\" data-elementor-post-type=\"page\">\n\t\t\t\t\t\t<section class=\"elementor-section elementor-top-section elementor-element elementor-element-9e103bd elementor-section-full_width elementor-section-height-default elementor-section-height-default qodef-elementor-content-no\" data-id=\"9e103bd\" data-element_type=\"section\" data-settings=\"{&quot;background_background&quot;:&quot;classic&quot;}\">\n\t\t\t\t\t\t<div class=\"elementor-container elementor-column-gap-default\">\n\t\t\t\t\t<div class=\"elementor-column elementor-col-100 elementor-top-column elementor-element elementor-element-2154f91\" data-id=\"2154f91\" data-element_type=\"column\">\n\t\t\t<div class=\"elementor-widget-wrap elementor-element-populated\">\n\t\t\t\t\t\t<div class=\"elementor-element elementor-element-402bd7f elementor-widget__width-initial elementor-widget elementor-widget-archicon_core_section_title\" data-id=\"402bd7f\" data-element_type=\"widget\" data-widget_type=\"archicon_core_section_title.default\">\n\t\t\t\t<div class=\"elementor-widget-container\">\n\t\t\t\t\t<div class=\"qodef-shortcode qodef-m qodef-section-title qodef-alignment--left\"  >\n\t\t\t<h1 class=\"qodef-m-title\" style=\"color: #FFFFFF;text-transform: uppercase\">\n\t<span class=\"qodef-m-title-inner\" style=\"--qodef-st-custom-fs: 90px;--qodef-st-custom-lh: 90px\">\n\t\t\thakk\u0131m\u0131zda\t\t<\/span>\n\t<\/h1>\n\t\t<\/div>\n\t\t\t\t<\/div>\n\t\t\t\t<\/div>\n\t\t\t\t\t<\/div>\n\t\t<\/div>\n\t\t\t\t\t<\/div>\n\t\t<\/section>\n\t\t<div class=\"elementor-element elementor-element-53b310f e-flex e-con-boxed e-con e-parent\" data-id=\"53b310f\" data-element_type=\"container\">\n\t\t\t\t\t<div class=\"e-con-inner\">\n\t\t<div class=\"elementor-element elementor-element-8b0d6ad e-con-full e-flex e-con e-child\" data-id=\"8b0d6ad\" data-element_type=\"container\">\n\t\t\t\t<div class=\"elementor-element elementor-element-1c55903 elementor-widget elementor-widget-archicon_core_section_title\" data-id=\"1c55903\" data-element_type=\"widget\" data-widget_type=\"archicon_core_section_title.default\">\n\t\t\t\t<div class=\"elementor-widget-container\">\n\t\t\t\t\t<div class=\"qodef-shortcode qodef-m qodef-section-title qodef-alignment--left\"  >\n\t\t\t<h3 class=\"qodef-m-title\" style=\"font-weight: 600\">\n\t<span class=\"qodef-m-title-inner\" >\n\t\t\tBizi di\u011ferlerinden ay\u0131ran en \u00f6nemli \u00f6zelli\u011fimiz vizyoner hedefimiz ve kusursuz bir \u015fekilde haz\u0131rlanm\u0131\u015f, ger\u00e7ekten e\u015fsiz tasar\u0131mlar\u0131m\u0131zd\u0131r.\t\t<\/span>\n\t<\/h3>\n\t\t<\/div>\n\t\t\t\t<\/div>\n\t\t\t\t<\/div>\n\t\t\t\t<\/div>\n\t\t\t\t\t<\/div>\n\t\t\t\t<\/div>\n\t\t<div class=\"elementor-element elementor-element-eee521c e-flex e-con-boxed e-con e-parent\" data-id=\"eee521c\" data-element_type=\"container\">\n\t\t\t\t\t<div class=\"e-con-inner\">\n\t\t<div class=\"elementor-element elementor-element-a8bd3e8 e-con-full e-flex e-con e-child\" data-id=\"a8bd3e8\" data-element_type=\"container\">\n\t\t\t\t<div class=\"elementor-element elementor-element-c5c5691 elementor-widget__width-initial elementor-widget elementor-widget-text-editor\" data-id=\"c5c5691\" data-element_type=\"widget\" data-widget_type=\"text-editor.default\">\n\t\t\t\t<div class=\"elementor-widget-container\">\n\t\t\t\t\t\t\t\t\t<p data-start=\"298\" data-end=\"356\"><strong data-start=\"298\" data-end=\"356\">G\u00fcvenli Yar\u0131nlar, Ya\u015fanabilir Yap\u0131lar \u0130\u00e7in \u00c7al\u0131\u015f\u0131yoruz<\/strong><\/p><p data-start=\"358\" data-end=\"550\">\u00a0 \u00a0 \u00a0 2006 y\u0131l\u0131ndan bu yana hayata ge\u00e7irdi\u011fimiz her projede, <em data-start=\"413\" data-end=\"439\">\u201cya\u015famaya de\u011fer yap\u0131lar\u201d<\/em> ilkesini merkezimize alarak sadece binalar de\u011fil, insanlara huzur ve g\u00fcven sunan ya\u015fam alanlar\u0131 in\u015fa ediyoruz.<\/p><p data-start=\"552\" data-end=\"836\">\u00a0 \u00a0 \u00a0 Bug\u00fcn\u00fcn ihtiya\u00e7lar\u0131n\u0131 kar\u015f\u0131larken yar\u0131n\u0131n d\u00fcnyas\u0131n\u0131 da g\u00f6zeten anlay\u0131\u015f\u0131m\u0131zla; do\u011fayla uyumlu, s\u00fcrd\u00fcr\u00fclebilir, estetik ve fonksiyonel yap\u0131lar \u00fcretmeyi s\u00fcrd\u00fcr\u00fcyoruz. Kaliteyi her zaman \u00f6n planda tutuyor, kullan\u0131lan her malzemede ve uygulanan her i\u015f\u00e7ilikte bu bak\u0131\u015f a\u00e7\u0131m\u0131z\u0131 yans\u0131t\u0131yoruz.<\/p><p data-start=\"838\" data-end=\"1161\">\u00a0 \u00a0 \u00a0 Modern \u015fehircilik anlay\u0131\u015f\u0131n\u0131n gerekliliklerini yerine getirirken, <em data-start=\"904\" data-end=\"926\">\u201c\u00f6nce insan ve do\u011fa\u201d<\/em> yakla\u015f\u0131m\u0131yla hareket ediyoruz.Kentsel d\u00f6n\u00fc\u015f\u00fcm projelerindeki aktif rol\u00fcm\u00fczle yaln\u0131zca bireysel ya\u015fam alanlar\u0131 de\u011fil, kent siluetine de\u011fer katan yeni nesil yap\u0131lar \u00fcretmeye odaklan\u0131yoruz. Her bir projemiz, \u015fehirlerin gelece\u011fine b\u0131rak\u0131lm\u0131\u015f sa\u011flam, estetik ve \u00e7evreci birer izdir.<\/p><p data-start=\"1412\" data-end=\"1670\">\u00a0 \u00a0 \u00a0 Sosyal sorumlulu\u011fa olan ba\u011fl\u0131l\u0131\u011f\u0131m\u0131zla, in\u015fa etti\u011fimiz her daire i\u00e7in 10 fidan dikiyor; \u00fclkemizin ye\u015fil gelece\u011fine katk\u0131 sa\u011fl\u0131yoruz. Bu ve benzeri do\u011fa dostu projelerimizle hem \u00e7evreye duyarl\u0131l\u0131\u011f\u0131m\u0131z\u0131 s\u00fcrd\u00fcr\u00fcyor hem de toplumsal geli\u015fime katk\u0131da bulunuyoruz.<\/p><p data-start=\"1672\" data-end=\"1851\">\u00a0 \u00a0 \u00a0 Gelece\u011fe do\u011fru att\u0131\u011f\u0131m\u0131z her ad\u0131mda ta\u015f\u0131d\u0131\u011f\u0131m\u0131z y\u00fck\u00fcn a\u011f\u0131rla\u015ft\u0131\u011f\u0131n\u0131 biliyor ve bu sorumlulu\u011fu ta\u015f\u0131maktan gurur duyuyoruz. Ula\u015ft\u0131\u011f\u0131m\u0131z her hedefe sizlerle beraber imza atmak i\u00e7in \u00e7al\u0131\u015f\u0131yoruz&#8230;<\/p>\t\t\t\t\t\t\t\t<\/div>\n\t\t\t\t<\/div>\n\t\t\t\t<\/div>\n\t\t<div class=\"elementor-element elementor-element-b861089 e-con-full e-flex e-con e-child\" data-id=\"b861089\" data-element_type=\"container\">\n\t\t<div class=\"elementor-element elementor-element-a7edf06 e-con-full e-flex e-con e-child\" data-id=\"a7edf06\" data-element_type=\"container\">\n\t\t\t\t<div class=\"elementor-element elementor-element-f8a500f elementor-widget__width-initial elementor-widget elementor-widget-text-editor\" data-id=\"f8a500f\" data-element_type=\"widget\" data-widget_type=\"text-editor.default\">\n\t\t\t\t<div class=\"elementor-widget-container\">\n\t\t\t\t\t\t\t\t\t<p><strong>Misyonumuz<\/strong><\/p><p>\u00a0 \u00a0 Kaliteli ve son teknoloji ile donat\u0131lm\u0131\u015f projelerle in\u015faat sekt\u00f6r\u00fcnde varl\u0131\u011f\u0131m\u0131z\u0131 s\u00fcrd\u00fcr\u00fcrken bir yandan da do\u011fa ile bar\u0131\u015f\u0131k, \u00e7evreye duyarl\u0131 ve ya\u015fad\u0131\u011f\u0131 toplumun de\u011ferlerini g\u00f6zeten bir firma olarak varl\u0131\u011f\u0131m\u0131z\u0131 s\u00fcrd\u00fcrmek&#8230;<\/p>\t\t\t\t\t\t\t\t<\/div>\n\t\t\t\t<\/div>\n\t\t\t\t<\/div>\n\t\t<div class=\"elementor-element elementor-element-2748f77 e-con-full e-flex e-con e-child\" data-id=\"2748f77\" data-element_type=\"container\">\n\t\t\t\t<div class=\"elementor-element elementor-element-e0bc110 elementor-widget elementor-widget-text-editor\" data-id=\"e0bc110\" data-element_type=\"widget\" data-widget_type=\"text-editor.default\">\n\t\t\t\t<div class=\"elementor-widget-container\">\n\t\t\t\t\t\t\t\t\t<p><strong>Vizyonumuz<\/strong><\/p><p>\u00a0 \u00a0 Ya\u015famaya de\u011fer ve \u00e7evreye duyarl\u0131, farkl\u0131, g\u00fcvenli projeler hayata ge\u00e7irerek sekt\u00f6rde tercih edilen bir marka olmak.<\/p>\t\t\t\t\t\t\t\t<\/div>\n\t\t\t\t<\/div>\n\t\t\t\t<\/div>\n\t\t\t\t<\/div>\n\t\t\t\t\t<\/div>\n\t\t\t\t<\/div>\n\t\t\t\t<section class=\"elementor-section elementor-top-section elementor-element elementor-element-74d710f elementor-section-full_width elementor-section-height-default elementor-section-height-default qodef-elementor-content-no\" data-id=\"74d710f\" data-element_type=\"section\">\n\t\t\t\t\t\t<div class=\"elementor-container elementor-column-gap-default\">\n\t\t\t\t\t<div class=\"elementor-column elementor-col-100 elementor-top-column elementor-element elementor-element-0e3d205\" data-id=\"0e3d205\" data-element_type=\"column\">\n\t\t\t<div class=\"elementor-widget-wrap elementor-element-populated\">\n\t\t\t\t\t\t<div class=\"elementor-element elementor-element-a70c6fb elementor-widget__width-initial elementor-widget elementor-widget-archicon_core_section_title\" data-id=\"a70c6fb\" data-element_type=\"widget\" data-widget_type=\"archicon_core_section_title.default\">\n\t\t\t\t<div class=\"elementor-widget-container\">\n\t\t\t\t\t<div class=\"qodef-shortcode qodef-m qodef-section-title qodef-alignment--left\"  >\n\t\t\t<h2 class=\"qodef-m-title\" style=\"color: #FFFFFF;text-transform: uppercase\">\n\t<span class=\"qodef-m-title-inner\" style=\"--qodef-st-custom-fs: 90px;--qodef-st-custom-fs-1440: 80px;--qodef-st-custom-fs-1366: 80px;--qodef-st-custom-fs-1024: 70px;--qodef-st-custom-fs-768: 70px;--qodef-st-custom-fs-680: 35px;--qodef-st-custom-lh: 90px;--qodef-st-custom-lh-1440: 80px;--qodef-st-custom-lh-1366: 80px;--qodef-st-custom-lh-1024: 70px;--qodef-st-custom-lh-768: 70px;--qodef-st-custom-lh-680: 45px\">\n\t\t\tTasar\u0131m\u0131 i\u00e7 mimariden ba\u015flatarak \u00f6zg\u00fcn yap\u0131lar olu\u015fturuyoruz\t\t<\/span>\n\t<\/h2>\n\t\t<\/div>\n\t\t\t\t<\/div>\n\t\t\t\t<\/div>\n\t\t\t\t\t<\/div>\n\t\t<\/div>\n\t\t\t\t\t<\/div>\n\t\t<\/section>\n\t\t\t\t<section class=\"elementor-section elementor-top-section elementor-element elementor-element-e1fb671 elementor-section-full_width elementor-section-height-default elementor-section-height-default qodef-elementor-content-no\" data-id=\"e1fb671\" data-element_type=\"section\" data-settings=\"{&quot;background_background&quot;:&quot;classic&quot;}\">\n\t\t\t\t\t\t<div class=\"elementor-container elementor-column-gap-default\">\n\t\t\t\t\t<div class=\"elementor-column elementor-col-50 elementor-top-column elementor-element elementor-element-e166e7c\" data-id=\"e166e7c\" data-element_type=\"column\">\n\t\t\t<div class=\"elementor-widget-wrap elementor-element-populated\">\n\t\t\t\t\t\t<div class=\"elementor-element elementor-element-f908e5f elementor-widget__width-initial elementor-widget elementor-widget-archicon_core_section_title\" data-id=\"f908e5f\" data-element_type=\"widget\" data-widget_type=\"archicon_core_section_title.default\">\n\t\t\t\t<div class=\"elementor-widget-container\">\n\t\t\t\t\t<div class=\"qodef-shortcode qodef-m qodef-section-title qodef-alignment--left\"  >\n\t\t\t<h3 class=\"qodef-m-title\" >\n\t<span class=\"qodef-m-title-inner\" >\n\t\t\tMimarl\u0131k ve i\u00e7 mimarl\u0131k alan\u0131nda geni\u015f yelpazede hizmetler sunuyoruz.\t\t<\/span>\n\t<\/h3>\n\t\t<\/div>\n\t\t\t\t<\/div>\n\t\t\t\t<\/div>\n\t\t\t\t\t<\/div>\n\t\t<\/div>\n\t\t\t\t<div class=\"elementor-column elementor-col-50 elementor-top-column elementor-element elementor-element-d10c4d9\" data-id=\"d10c4d9\" data-element_type=\"column\">\n\t\t\t<div class=\"elementor-widget-wrap elementor-element-populated\">\n\t\t\t\t\t\t<div class=\"elementor-element elementor-element-5d2bc6e elementor-widget elementor-widget-archicon_core_accordion\" data-id=\"5d2bc6e\" data-element_type=\"widget\" data-widget_type=\"archicon_core_accordion.default\">\n\t\t\t\t<div class=\"elementor-widget-container\">\n\t\t\t\t\t<div class=\"qodef-shortcode qodef-m qodef-accordion clear qodef-behavior--toggle qodef-layout--simple\">\n\t<h3 class=\"qodef-accordion-title\">\n\t<span class=\"qodef-accordion-number\"><\/span>\n\t<span class=\"qodef-tab-title\">Kentsel D\u00f6n\u00fc\u015f\u00fcm Projeleri<\/span>\n\t<span class=\"qodef-accordion-mark\">\n\t\t<svg class=\"qodef-svg--accordion-arrow\" xmlns=\"http:\/\/www.w3.org\/2000\/svg\" width=\"10.94\" height=\"13.423\" viewbox=\"0 0 10.94 13.423\"><path d=\"M5.516 0v12.51\"\/><path d=\"M10.586 7.6 5.47 12.716.354 7.6\"\/><\/svg>\t<\/span>\n<\/h3>\n<div class=\"qodef-accordion-content\">\n\t<div class=\"qodef-accordion-content-inner\">\n\t\t<p>Do\u011fal afetler ve milad\u0131n\u0131 doldurmu\u015f yap\u0131lar, hem \u00fclkemizde hem de d\u00fcnyada halk\u0131n can ve mal g\u00fcvenli\u011fini tehdit etmektedir. Dayan\u0131ks\u0131z ya da yap\u0131sal olarak art\u0131k kullan\u0131lmamas\u0131 gereken binalar\u0131n, devletin de deste\u011fiyle yeniden yap\u0131land\u0131r\u0131lmas\u0131 ve modern \u015fehirler kurulmas\u0131 amac\u0131yla yap\u0131lan hizmetlere de Kentsel D\u00f6n\u00fc\u015f\u00fcm Hizmetleri ad\u0131 verilmektedir.<\/p><p>\u00a0<\/p><p>\u0130ZPEK olarak, \u201c6306 say\u0131l\u0131 Afet Riskli Yap\u0131lar\u0131n Yenilenmesi Hakk\u0131nda Kanun\u201d kapsam\u0131nda \u015fehir merkezinde, il\u00e7elerde, k\u00f6y ve mezralardaki y\u00f6netmeli\u011fe uygun yap\u0131lar\u0131 kentsel d\u00f6n\u00fc\u015f\u00fcm kriterlerine uygun olarak yeniden projelendiriyor ve burada ya\u015fayan bireyleri, ba\u015fka konumlara yerle\u015fmek zorunda kalmadan yeniden ev sahibi yap\u0131yoruz.\u00a0Do\u011fal Afet ve benzeri nedenlerle olu\u015fan can kayb\u0131 s\u0131ralamas\u0131nda d\u00fcnyan\u0131n ne yaz\u0131k ki \u00f6nde gelen \u00fclkelerinden biri olan T\u00fcrkiye\u2019de b\u00f6yle bir hizmeti veriyor olmak mottomuz olan \u201cYa\u015famaya De\u011fer Yap\u0131lar\u201d \u00fcretme s\u00f6z\u00fcn\u00fcn arkas\u0131nda durdu\u011fumuzun da bir g\u00f6stergesi olarak yolumuzu ayd\u0131nlat\u0131yor.<\/p>\t<\/div>\n<\/div>\n<h3 class=\"qodef-accordion-title\">\n\t<span class=\"qodef-accordion-number\"><\/span>\n\t<span class=\"qodef-tab-title\">Gayrimenkul Yat\u0131r\u0131m Dan\u0131\u015fmanl\u0131\u011f\u0131<\/span>\n\t<span class=\"qodef-accordion-mark\">\n\t\t<svg class=\"qodef-svg--accordion-arrow\" xmlns=\"http:\/\/www.w3.org\/2000\/svg\" width=\"10.94\" height=\"13.423\" viewbox=\"0 0 10.94 13.423\"><path d=\"M5.516 0v12.51\"\/><path d=\"M10.586 7.6 5.47 12.716.354 7.6\"\/><\/svg>\t<\/span>\n<\/h3>\n<div class=\"qodef-accordion-content\">\n\t<div class=\"qodef-accordion-content-inner\">\n\t\t<p>Gayrimenkul yat\u0131r\u0131mlar\u0131 ister k\u0131sa vadede y\u00fcksek kar oran\u0131 amac\u0131 ile istenirse de uzun vadede s\u00fcrekli bir kar sa\u011flama arac\u0131 olarak, d\u00f6viz ya da alt\u0131n gibi yat\u0131r\u0131m ara\u00e7lar\u0131ndan ayr\u0131lan, daha az risk ve daha kesin kar elde edilen bir yat\u0131r\u0131m alan\u0131d\u0131r.<\/p><p>\u00a0<\/p><p>Yat\u0131r\u0131m olarak al\u0131nan gayrimenkul yeniden sat\u0131larak al\u0131m de\u011feri \u00fczerinden iki kat kar sa\u011flayabilece\u011fi gibi kiralanarak da uzun vadeli ve s\u00fcrekli bir kar alan\u0131 haline d\u00f6n\u00fc\u015ft\u00fcr\u00fclebilir. \u0130ZPEK olarak \u201cYa\u015famaya De\u011fer Yap\u0131lar\u201d hayata ge\u00e7irirken bir yandan da bu yap\u0131lar \u00fczerinden kar sa\u011flamay\u0131 hedefleyen yat\u0131r\u0131mc\u0131lar\u0131 da d\u00fc\u015f\u00fcn\u00fcyoruz. Sekt\u00f6rde ge\u00e7irdi\u011fimiz y\u0131llar\u0131n verdi\u011fi deneyim ile yat\u0131r\u0131mc\u0131lara en do\u011fru ve en fazla kar\u0131 sa\u011flayacak yat\u0131r\u0131mlar \u00f6nermek ve bu yat\u0131r\u0131mlar\u0131n her t\u00fcrl\u00fc analizini yaparak yat\u0131r\u0131mc\u0131n\u0131n \u00e7\u0131karlar\u0131n\u0131 g\u00f6zetmek i\u00e7in \u00e7al\u0131\u015f\u0131yoruz. Bu konuya y\u00f6nelik ara\u015ft\u0131rmalar\u0131m\u0131z\u0131 ve projelerimizi s\u00fcrekli g\u00fcncel tutuyor ve bu konuda aktif olarak hizmet veriyoruz.<\/p>\t<\/div>\n<\/div>\n<h3 class=\"qodef-accordion-title\">\n\t<span class=\"qodef-accordion-number\"><\/span>\n\t<span class=\"qodef-tab-title\">Yap-Sat Projeler<\/span>\n\t<span class=\"qodef-accordion-mark\">\n\t\t<svg class=\"qodef-svg--accordion-arrow\" xmlns=\"http:\/\/www.w3.org\/2000\/svg\" width=\"10.94\" height=\"13.423\" viewbox=\"0 0 10.94 13.423\"><path d=\"M5.516 0v12.51\"\/><path d=\"M10.586 7.6 5.47 12.716.354 7.6\"\/><\/svg>\t<\/span>\n<\/h3>\n<div class=\"qodef-accordion-content\">\n\t<div class=\"qodef-accordion-content-inner\">\n\t\t<p>Konut, her bireyin en temel ihtiya\u00e7lar\u0131ndan biridir. \u0130\u00e7inde ya\u015fayaca\u011f\u0131, ailesiyle birlikte bar\u0131naca\u011f\u0131 ve \u201cEv\u201d diyece\u011fi yer ne kadar huzurlu, ne kadar modern ve kaliteli olursa bireyin ve ailesinin ya\u015fam standartlar\u0131 da o kadar y\u00fcksek olur.<\/p><p>\u00a0<\/p><p>\u0130ZPEK olarak, yap \u2013 sat projelerimizde bu ger\u00e7e\u011fi hi\u00e7bir zaman unutmadan, bireylere modern, kaliteli ve estetik yap\u0131lar sunuyor, her t\u00fcrl\u00fc sosyal olana\u011f\u0131 ve ihtiyac\u0131 d\u00fc\u015f\u00fcn\u00fcyoruz. Sonu\u00e7ta ortaya \u00e7\u0131kan \u201cYa\u015famaya De\u011fer Yap\u0131lar\u201d ile bireylerin huzurlu ve mutlu bir hayat s\u00fcrmesi i\u00e7in t\u00fcm bilgi ve deneyimimizi projelerimize aktar\u0131yoruz.<\/p>\t<\/div>\n<\/div>\n<h3 class=\"qodef-accordion-title\">\n\t<span class=\"qodef-accordion-number\"><\/span>\n\t<span class=\"qodef-tab-title\">Kat Kar\u015f\u0131l\u0131\u011f\u0131 Arsa Projeler<\/span>\n\t<span class=\"qodef-accordion-mark\">\n\t\t<svg class=\"qodef-svg--accordion-arrow\" xmlns=\"http:\/\/www.w3.org\/2000\/svg\" width=\"10.94\" height=\"13.423\" viewbox=\"0 0 10.94 13.423\"><path d=\"M5.516 0v12.51\"\/><path d=\"M10.586 7.6 5.47 12.716.354 7.6\"\/><\/svg>\t<\/span>\n<\/h3>\n<div class=\"qodef-accordion-content\">\n\t<div class=\"qodef-accordion-content-inner\">\n\t\t<p>\u0130ZPEK\u00a0 olarak, nerede olursa olsun arsalar\u0131n\u0131z\u0131 en iyi \u015fekilde projelendirmek, modern \u00e7izgileri ve kalitesiyle fark yaratacak projeleri arsalar\u0131n\u0131z \u00fczerinde hayata ge\u00e7irmek ve ortaya koydu\u011fumuz ya\u015famaya de\u011fer yap\u0131 i\u00e7erisinde arsan\u0131z kar\u015f\u0131l\u0131\u011f\u0131nda size de bir hayat sunmak hizmetlerimiz aras\u0131nda bulunmaktad\u0131r.<\/p>\t<\/div>\n<\/div>\n<\/div>\n\t\t\t\t<\/div>\n\t\t\t\t<\/div>\n\t\t\t\t\t<\/div>\n\t\t<\/div>\n\t\t\t\t\t<\/div>\n\t\t<\/section>\n\t\t\t\t<\/div>","protected":false},"excerpt":{"rendered":"<p>hakk\u0131m\u0131zda Bizi di\u011ferlerinden ay\u0131ran en \u00f6nemli \u00f6zelli\u011fimiz vizyoner hedefimiz ve kusursuz bir \u015fekilde haz\u0131rlanm\u0131\u015f, ger\u00e7ekten e\u015fsiz tasar\u0131mlar\u0131m\u0131zd\u0131r. G\u00fcvenli Yar\u0131nlar, Ya\u015fanabilir Yap\u0131lar \u0130\u00e7in \u00c7al\u0131\u015f\u0131yoruz \u00a0 \u00a0 \u00a0 2006 y\u0131l\u0131ndan bu yana hayata ge\u00e7irdi\u011fimiz her projede, \u201cya\u015famaya de\u011fer yap\u0131lar\u201d ilkesini merkezimize alarak sadece binalar de\u011fil, insanlara huzur ve g\u00fcven sunan ya\u015fam alanlar\u0131 in\u015fa ediyoruz. \u00a0 \u00a0 \u00a0 [&hellip;]<\/p>","protected":false},"author":1,"featured_media":0,"parent":0,"menu_order":0,"comment_status":"closed","ping_status":"closed","template":"page-full-width.php","meta":{"footnotes":""},"class_list":["post-14245","page","type-page","status-publish","hentry"],"_links":{"self":[{"href":"https:\/\/izpek.com.tr\/de\/wp-json\/wp\/v2\/pages\/14245","targetHints":{"allow":["GET"]}}],"collection":[{"href":"https:\/\/izpek.com.tr\/de\/wp-json\/wp\/v2\/pages"}],"about":[{"href":"https:\/\/izpek.com.tr\/de\/wp-json\/wp\/v2\/types\/page"}],"author":[{"embeddable":true,"href":"https:\/\/izpek.com.tr\/de\/wp-json\/wp\/v2\/users\/1"}],"replies":[{"embeddable":true,"href":"https:\/\/izpek.com.tr\/de\/wp-json\/wp\/v2\/comments?post=14245"}],"version-history":[{"count":190,"href":"https:\/\/izpek.com.tr\/de\/wp-json\/wp\/v2\/pages\/14245\/revisions"}],"predecessor-version":[{"id":16149,"href":"https:\/\/izpek.com.tr\/de\/wp-json\/wp\/v2\/pages\/14245\/revisions\/16149"}],"wp:attachment":[{"href":"https:\/\/izpek.com.tr\/de\/wp-json\/wp\/v2\/media?parent=14245"}],"curies":[{"name":"wp","href":"https:\/\/api.w.org\/{rel}","templated":true}]}}