{"id":14249,"date":"2025-06-07T13:09:07","date_gmt":"2025-06-07T13:09:07","guid":{"rendered":"https:\/\/izpek.com.tr\/?page_id=14249"},"modified":"2025-06-21T12:32:15","modified_gmt":"2025-06-21T09:32:15","slug":"baskanin-mesaji","status":"publish","type":"page","link":"https:\/\/izpek.com.tr\/de\/baskanin-mesaji\/","title":{"rendered":"Ba\u015fkan\u0131n Mesaj\u0131"},"content":{"rendered":"<div data-elementor-type=\"wp-page\" data-elementor-id=\"14249\" class=\"elementor elementor-14249\" data-elementor-settings=\"{&quot;element_pack_global_tooltip_width&quot;:{&quot;unit&quot;:&quot;px&quot;,&quot;size&quot;:&quot;&quot;,&quot;sizes&quot;:[]},&quot;element_pack_global_tooltip_width_tablet&quot;:{&quot;unit&quot;:&quot;px&quot;,&quot;size&quot;:&quot;&quot;,&quot;sizes&quot;:[]},&quot;element_pack_global_tooltip_width_mobile&quot;:{&quot;unit&quot;:&quot;px&quot;,&quot;size&quot;:&quot;&quot;,&quot;sizes&quot;:[]},&quot;element_pack_global_tooltip_padding&quot;:{&quot;unit&quot;:&quot;px&quot;,&quot;top&quot;:&quot;&quot;,&quot;right&quot;:&quot;&quot;,&quot;bottom&quot;:&quot;&quot;,&quot;left&quot;:&quot;&quot;,&quot;isLinked&quot;:true},&quot;element_pack_global_tooltip_padding_tablet&quot;:{&quot;unit&quot;:&quot;px&quot;,&quot;top&quot;:&quot;&quot;,&quot;right&quot;:&quot;&quot;,&quot;bottom&quot;:&quot;&quot;,&quot;left&quot;:&quot;&quot;,&quot;isLinked&quot;:true},&quot;element_pack_global_tooltip_padding_mobile&quot;:{&quot;unit&quot;:&quot;px&quot;,&quot;top&quot;:&quot;&quot;,&quot;right&quot;:&quot;&quot;,&quot;bottom&quot;:&quot;&quot;,&quot;left&quot;:&quot;&quot;,&quot;isLinked&quot;:true},&quot;element_pack_global_tooltip_border_radius&quot;:{&quot;unit&quot;:&quot;px&quot;,&quot;top&quot;:&quot;&quot;,&quot;right&quot;:&quot;&quot;,&quot;bottom&quot;:&quot;&quot;,&quot;left&quot;:&quot;&quot;,&quot;isLinked&quot;:true},&quot;element_pack_global_tooltip_border_radius_tablet&quot;:{&quot;unit&quot;:&quot;px&quot;,&quot;top&quot;:&quot;&quot;,&quot;right&quot;:&quot;&quot;,&quot;bottom&quot;:&quot;&quot;,&quot;left&quot;:&quot;&quot;,&quot;isLinked&quot;:true},&quot;element_pack_global_tooltip_border_radius_mobile&quot;:{&quot;unit&quot;:&quot;px&quot;,&quot;top&quot;:&quot;&quot;,&quot;right&quot;:&quot;&quot;,&quot;bottom&quot;:&quot;&quot;,&quot;left&quot;:&quot;&quot;,&quot;isLinked&quot;:true}}\" data-elementor-post-type=\"page\">\n\t\t\t\t\t\t<section class=\"elementor-section elementor-top-section elementor-element elementor-element-9e103bd elementor-section-full_width elementor-section-height-default elementor-section-height-default qodef-elementor-content-no\" data-id=\"9e103bd\" data-element_type=\"section\" data-settings=\"{&quot;background_background&quot;:&quot;classic&quot;}\">\n\t\t\t\t\t\t<div class=\"elementor-container elementor-column-gap-default\">\n\t\t\t\t\t<div class=\"elementor-column elementor-col-100 elementor-top-column elementor-element elementor-element-2154f91\" data-id=\"2154f91\" data-element_type=\"column\">\n\t\t\t<div class=\"elementor-widget-wrap elementor-element-populated\">\n\t\t\t\t\t\t<div class=\"elementor-element elementor-element-402bd7f elementor-widget__width-initial elementor-widget elementor-widget-archicon_core_section_title\" data-id=\"402bd7f\" data-element_type=\"widget\" data-widget_type=\"archicon_core_section_title.default\">\n\t\t\t\t<div class=\"elementor-widget-container\">\n\t\t\t\t\t<div class=\"qodef-shortcode qodef-m qodef-section-title qodef-alignment--left\"  >\n\t\t\t<h1 class=\"qodef-m-title\" style=\"color: #FFFFFF;text-transform: uppercase\">\n\t<span class=\"qodef-m-title-inner\" style=\"--qodef-st-custom-fs: 90px;--qodef-st-custom-lh: 90px\">\n\t\t\tBa\u015fkan\u0131n Mesaj\u0131\t\t<\/span>\n\t<\/h1>\n\t\t<\/div>\n\t\t\t\t<\/div>\n\t\t\t\t<\/div>\n\t\t\t\t\t<\/div>\n\t\t<\/div>\n\t\t\t\t\t<\/div>\n\t\t<\/section>\n\t\t\t\t<section class=\"elementor-section elementor-top-section elementor-element elementor-element-bdff451 elementor-section-full_width elementor-section-height-default elementor-section-height-default qodef-elementor-content-no\" data-id=\"bdff451\" data-element_type=\"section\">\n\t\t\t\t\t\t<div class=\"elementor-container elementor-column-gap-default\">\n\t\t\t\t\t<div class=\"elementor-column elementor-col-100 elementor-top-column elementor-element elementor-element-27a6fdb\" data-id=\"27a6fdb\" data-element_type=\"column\">\n\t\t\t<div class=\"elementor-widget-wrap elementor-element-populated\">\n\t\t\t\t\t\t<div class=\"elementor-element elementor-element-cef816a elementor-widget__width-initial elementor-widget elementor-widget-archicon_core_section_title\" data-id=\"cef816a\" data-element_type=\"widget\" data-widget_type=\"archicon_core_section_title.default\">\n\t\t\t\t<div class=\"elementor-widget-container\">\n\t\t\t\t\t<div class=\"qodef-shortcode qodef-m qodef-section-title qodef-alignment--left\"  >\n\t\t\t\t<\/div>\n\t\t\t\t<\/div>\n\t\t\t\t<\/div>\n\t\t\t\t\t<\/div>\n\t\t<\/div>\n\t\t\t\t\t<\/div>\n\t\t<\/section>\n\t\t<div class=\"elementor-element elementor-element-820429f e-flex e-con-boxed e-con e-parent\" data-id=\"820429f\" data-element_type=\"container\">\n\t\t\t\t\t<div class=\"e-con-inner\">\n\t\t<div class=\"elementor-element elementor-element-724a80c e-con-full e-flex e-con e-child\" data-id=\"724a80c\" data-element_type=\"container\">\n\t\t\t\t<div class=\"elementor-element elementor-element-6de924b elementor-widget elementor-widget-text-editor\" data-id=\"6de924b\" data-element_type=\"widget\" data-widget_type=\"text-editor.default\">\n\t\t\t\t<div class=\"elementor-widget-container\">\n\t\t\t\t\t\t\t\t\t<div dir=\"auto\">2006 y\u0131l\u0131ndan bu yana in\u015faat sekt\u00f6r\u00fcnde faaliyet g\u00f6steren firmam\u0131z, ge\u00e7en s\u00fcre zarf\u0131nda hayata ge\u00e7irdi\u011fi projelerle g\u00fcven, kalite ve esteti\u011fi bir araya getirerek sekt\u00f6rde kendine sa\u011flam bir yer edinmi\u015ftir. Biz sadece binalar de\u011fil, ya\u015fam alanlar\u0131, hayaller ve uzun vadeli de\u011ferler in\u015fa etmeyi ama\u00e7lad\u0131k.<\/div><div dir=\"auto\">\u00a0<\/div><div dir=\"auto\">Ge\u00e7mi\u015fte oldu\u011fu gibi bug\u00fcn de s\u00fcrekli geli\u015fim ve yenilikten yanay\u0131z. Bu do\u011frultuda, kurum k\u00fclt\u00fcr\u00fcm\u00fcz ve vizyonumuzla uyumlu, daha dinamik bir yap\u0131lanma i\u00e7in y\u00f6netim kadromuzda stratejik de\u011fi\u015fiklikler ger\u00e7ekle\u015ftirdik. Bu ad\u0131m, sadece bir kadro de\u011fi\u015fikli\u011fi de\u011fil, daha g\u00fc\u00e7l\u00fc ve s\u00fcrd\u00fcr\u00fclebilir bir gelecek i\u00e7in at\u0131lm\u0131\u015f \u00f6nemli bir d\u00f6n\u00fc\u015f\u00fcm ad\u0131m\u0131d\u0131r.<\/div><div dir=\"auto\">\u00a0<\/div><div dir=\"auto\">Kurumsal yap\u0131lanmam\u0131z\u0131 yeniden \u015fekillendirirken, \u00f6z\u00fcm\u00fczden ve temel de\u011ferlerimizden asla \u00f6d\u00fcn vermedik. De\u011fi\u015fimin, sa\u011fl\u0131kl\u0131 b\u00fcy\u00fcmenin do\u011fal bir par\u00e7as\u0131 oldu\u011funa inan\u0131yor; her d\u00f6nemde daha sa\u011flam temellere oturmu\u015f bir yap\u0131 kurmay\u0131 hedefliyoruz.<\/div><div dir=\"auto\">\u00a0<\/div><div dir=\"auto\">Bug\u00fcn, deneyimli ve vizyoner bir y\u00f6netim anlay\u0131\u015f\u0131yla, daha b\u00fcy\u00fck hedeflere ilerleyen; i\u015f ortaklar\u0131na, \u00e7al\u0131\u015fanlar\u0131na ve m\u00fc\u015fterilerine g\u00fcven veren bir \u0130ZPEK olarak yolumuza kararl\u0131l\u0131kla devam ediyoruz.<\/div><div dir=\"auto\">\u00a0<\/div><div dir=\"auto\">Bize g\u00fcvenen, yan\u0131m\u0131zda olan t\u00fcm payda\u015flar\u0131m\u0131za te\u015fekk\u00fcr ediyor; bu yeni d\u00f6nemde de ayn\u0131 sorumluluk ve inan\u00e7la hizmet vermeye devam edece\u011fimizi kamuoyuna sayg\u0131yla duyuruyorum.<\/div><div dir=\"auto\">\u00a0<\/div><div dir=\"auto\"><div dir=\"auto\">Hasan \u0130pek<\/div><div dir=\"auto\">\u0130ZPEK\u00a0Y\u00f6netim Kurulu Ba\u015fkan\u0131<\/div><\/div><div dir=\"auto\"><img decoding=\"async\" class=\"alignleft wp-image-16134\" src=\"https:\/\/izpek.com.tr\/wp-content\/uploads\/2025\/06\/hasan_ipek-300x75.png\" alt=\"\" width=\"399\" height=\"100\" srcset=\"https:\/\/izpek.com.tr\/wp-content\/uploads\/2025\/06\/hasan_ipek-300x75.png 300w, https:\/\/izpek.com.tr\/wp-content\/uploads\/2025\/06\/hasan_ipek-18x5.png 18w, https:\/\/izpek.com.tr\/wp-content\/uploads\/2025\/06\/hasan_ipek.png 606w\" sizes=\"(max-width: 399px) 100vw, 399px\" \/><\/div>\t\t\t\t\t\t\t\t<\/div>\n\t\t\t\t<\/div>\n\t\t\t\t<\/div>\n\t\t<div class=\"elementor-element elementor-element-cfcbc2b e-con-full e-flex e-con e-child\" data-id=\"cfcbc2b\" data-element_type=\"container\">\n\t\t\t\t<\/div>\n\t\t\t\t\t<\/div>\n\t\t\t\t<\/div>\n\t\t\t\t<\/div>","protected":false},"excerpt":{"rendered":"<p>Ba\u015fkan\u0131n Mesaj\u0131 2006 y\u0131l\u0131ndan bu yana in\u015faat sekt\u00f6r\u00fcnde faaliyet g\u00f6steren firmam\u0131z, ge\u00e7en s\u00fcre zarf\u0131nda hayata ge\u00e7irdi\u011fi projelerle g\u00fcven, kalite ve esteti\u011fi bir araya getirerek sekt\u00f6rde kendine sa\u011flam bir yer edinmi\u015ftir. Biz sadece binalar de\u011fil, ya\u015fam alanlar\u0131, hayaller ve uzun vadeli de\u011ferler in\u015fa etmeyi ama\u00e7lad\u0131k.\u00a0Ge\u00e7mi\u015fte oldu\u011fu gibi bug\u00fcn de s\u00fcrekli geli\u015fim ve yenilikten yanay\u0131z. Bu do\u011frultuda, [&hellip;]<\/p>","protected":false},"author":1,"featured_media":0,"parent":0,"menu_order":0,"comment_status":"closed","ping_status":"closed","template":"page-full-width.php","meta":{"footnotes":""},"class_list":["post-14249","page","type-page","status-publish","hentry"],"_links":{"self":[{"href":"https:\/\/izpek.com.tr\/de\/wp-json\/wp\/v2\/pages\/14249","targetHints":{"allow":["GET"]}}],"collection":[{"href":"https:\/\/izpek.com.tr\/de\/wp-json\/wp\/v2\/pages"}],"about":[{"href":"https:\/\/izpek.com.tr\/de\/wp-json\/wp\/v2\/types\/page"}],"author":[{"embeddable":true,"href":"https:\/\/izpek.com.tr\/de\/wp-json\/wp\/v2\/users\/1"}],"replies":[{"embeddable":true,"href":"https:\/\/izpek.com.tr\/de\/wp-json\/wp\/v2\/comments?post=14249"}],"version-history":[{"count":22,"href":"https:\/\/izpek.com.tr\/de\/wp-json\/wp\/v2\/pages\/14249\/revisions"}],"predecessor-version":[{"id":16145,"href":"https:\/\/izpek.com.tr\/de\/wp-json\/wp\/v2\/pages\/14249\/revisions\/16145"}],"wp:attachment":[{"href":"https:\/\/izpek.com.tr\/de\/wp-json\/wp\/v2\/media?parent=14249"}],"curies":[{"name":"wp","href":"https:\/\/api.w.org\/{rel}","templated":true}]}}