{"id":14251,"date":"2025-06-07T13:09:07","date_gmt":"2025-06-07T13:09:07","guid":{"rendered":"https:\/\/izpek.com.tr\/?page_id=14251"},"modified":"2025-06-22T17:22:03","modified_gmt":"2025-06-22T14:22:03","slug":"degerlerimiz","status":"publish","type":"page","link":"https:\/\/izpek.com.tr\/de\/degerlerimiz\/","title":{"rendered":"De\u011ferlerimiz"},"content":{"rendered":"<div data-elementor-type=\"wp-page\" data-elementor-id=\"14251\" class=\"elementor elementor-14251\" data-elementor-settings=\"{&quot;element_pack_global_tooltip_width&quot;:{&quot;unit&quot;:&quot;px&quot;,&quot;size&quot;:&quot;&quot;,&quot;sizes&quot;:[]},&quot;element_pack_global_tooltip_width_tablet&quot;:{&quot;unit&quot;:&quot;px&quot;,&quot;size&quot;:&quot;&quot;,&quot;sizes&quot;:[]},&quot;element_pack_global_tooltip_width_mobile&quot;:{&quot;unit&quot;:&quot;px&quot;,&quot;size&quot;:&quot;&quot;,&quot;sizes&quot;:[]},&quot;element_pack_global_tooltip_padding&quot;:{&quot;unit&quot;:&quot;px&quot;,&quot;top&quot;:&quot;&quot;,&quot;right&quot;:&quot;&quot;,&quot;bottom&quot;:&quot;&quot;,&quot;left&quot;:&quot;&quot;,&quot;isLinked&quot;:true},&quot;element_pack_global_tooltip_padding_tablet&quot;:{&quot;unit&quot;:&quot;px&quot;,&quot;top&quot;:&quot;&quot;,&quot;right&quot;:&quot;&quot;,&quot;bottom&quot;:&quot;&quot;,&quot;left&quot;:&quot;&quot;,&quot;isLinked&quot;:true},&quot;element_pack_global_tooltip_padding_mobile&quot;:{&quot;unit&quot;:&quot;px&quot;,&quot;top&quot;:&quot;&quot;,&quot;right&quot;:&quot;&quot;,&quot;bottom&quot;:&quot;&quot;,&quot;left&quot;:&quot;&quot;,&quot;isLinked&quot;:true},&quot;element_pack_global_tooltip_border_radius&quot;:{&quot;unit&quot;:&quot;px&quot;,&quot;top&quot;:&quot;&quot;,&quot;right&quot;:&quot;&quot;,&quot;bottom&quot;:&quot;&quot;,&quot;left&quot;:&quot;&quot;,&quot;isLinked&quot;:true},&quot;element_pack_global_tooltip_border_radius_tablet&quot;:{&quot;unit&quot;:&quot;px&quot;,&quot;top&quot;:&quot;&quot;,&quot;right&quot;:&quot;&quot;,&quot;bottom&quot;:&quot;&quot;,&quot;left&quot;:&quot;&quot;,&quot;isLinked&quot;:true},&quot;element_pack_global_tooltip_border_radius_mobile&quot;:{&quot;unit&quot;:&quot;px&quot;,&quot;top&quot;:&quot;&quot;,&quot;right&quot;:&quot;&quot;,&quot;bottom&quot;:&quot;&quot;,&quot;left&quot;:&quot;&quot;,&quot;isLinked&quot;:true}}\" data-elementor-post-type=\"page\">\n\t\t\t\t\t\t<section class=\"elementor-section elementor-top-section elementor-element elementor-element-9e103bd elementor-section-full_width elementor-section-height-default elementor-section-height-default qodef-elementor-content-no\" data-id=\"9e103bd\" data-element_type=\"section\" data-settings=\"{&quot;background_background&quot;:&quot;classic&quot;}\">\n\t\t\t\t\t\t<div class=\"elementor-container elementor-column-gap-default\">\n\t\t\t\t\t<div class=\"elementor-column elementor-col-100 elementor-top-column elementor-element elementor-element-2154f91\" data-id=\"2154f91\" data-element_type=\"column\">\n\t\t\t<div class=\"elementor-widget-wrap elementor-element-populated\">\n\t\t\t\t\t\t<div class=\"elementor-element elementor-element-402bd7f elementor-widget__width-initial elementor-widget elementor-widget-archicon_core_section_title\" data-id=\"402bd7f\" data-element_type=\"widget\" data-widget_type=\"archicon_core_section_title.default\">\n\t\t\t\t<div class=\"elementor-widget-container\">\n\t\t\t\t\t<div class=\"qodef-shortcode qodef-m qodef-section-title qodef-alignment--left\"  >\n\t\t\t<h1 class=\"qodef-m-title\" style=\"color: #FFFFFF;text-transform: uppercase\">\n\t<span class=\"qodef-m-title-inner\" style=\"--qodef-st-custom-fs: 90px;--qodef-st-custom-lh: 90px\">\n\t\t\tDE\u011eERLER\u0130M\u0130Z\t\t<\/span>\n\t<\/h1>\n\t\t<\/div>\n\t\t\t\t<\/div>\n\t\t\t\t<\/div>\n\t\t\t\t\t<\/div>\n\t\t<\/div>\n\t\t\t\t\t<\/div>\n\t\t<\/section>\n\t\t\t\t<section class=\"elementor-section elementor-top-section elementor-element elementor-element-bdff451 elementor-section-full_width elementor-section-height-default elementor-section-height-default qodef-elementor-content-no\" data-id=\"bdff451\" data-element_type=\"section\">\n\t\t\t\t\t\t<div class=\"elementor-container elementor-column-gap-default\">\n\t\t\t\t\t<div class=\"elementor-column elementor-col-100 elementor-top-column elementor-element elementor-element-27a6fdb\" data-id=\"27a6fdb\" data-element_type=\"column\">\n\t\t\t<div class=\"elementor-widget-wrap elementor-element-populated\">\n\t\t\t\t\t\t<div class=\"elementor-element elementor-element-cef816a elementor-widget__width-initial elementor-widget elementor-widget-archicon_core_section_title\" data-id=\"cef816a\" data-element_type=\"widget\" data-widget_type=\"archicon_core_section_title.default\">\n\t\t\t\t<div class=\"elementor-widget-container\">\n\t\t\t\t\t<div class=\"qodef-shortcode qodef-m qodef-section-title qodef-alignment--left\"  >\n\t\t\t<h2 class=\"qodef-m-title\" >\n\t<span class=\"qodef-m-title-inner\" >\n\t\t\tHER PROJEM\u0130Z 4 DE\u011eER \u00dcZER\u0130NE \u0130N\u015eA ED\u0130L\u0130R\t\t<\/span>\n\t<\/h2>\n\t\t<\/div>\n\t\t\t\t<\/div>\n\t\t\t\t<\/div>\n\t\t\t\t\t<\/div>\n\t\t<\/div>\n\t\t\t\t\t<\/div>\n\t\t<\/section>\n\t\t\t\t<section class=\"elementor-section elementor-top-section elementor-element elementor-element-a971cbd elementor-section-full_width elementor-section-height-default elementor-section-height-default qodef-elementor-content-no\" data-id=\"a971cbd\" data-element_type=\"section\">\n\t\t\t\t\t\t<div class=\"elementor-container elementor-column-gap-default\">\n\t\t\t\t\t<div class=\"elementor-column elementor-col-25 elementor-top-column elementor-element elementor-element-495806d\" data-id=\"495806d\" data-element_type=\"column\">\n\t\t\t<div class=\"elementor-widget-wrap elementor-element-populated\">\n\t\t\t\t\t\t<div class=\"elementor-element elementor-element-e85f1c1 elementor-widget__width-initial elementor-widget elementor-widget-archicon_core_icon_with_text\" data-id=\"e85f1c1\" data-element_type=\"widget\" data-widget_type=\"archicon_core_icon_with_text.default\">\n\t\t\t\t<div class=\"elementor-widget-container\">\n\t\t\t\t\t<div class=\"qodef-shortcode qodef-m qodef-icon-with-text qodef-layout--top qodef--custom-icon qodef-alignment--left\">\n\t<div class=\"qodef-m-icon-wrapper\">\n\t\t\t\t\t<img decoding=\"async\" width=\"200\" height=\"100\" src=\"https:\/\/izpek.com.tr\/wp-content\/uploads\/2025\/05\/icon_m_1.png\" class=\"attachment-full size-full\" alt=\"\" \/>\t\t<\/div>\n\t<div class=\"qodef-m-content\">\n\t\t\t<h3 class=\"qodef-m-title\" >\n\t\t\t\t\t<span class=\"qodef-m-title-text\">Tasar\u0131m<\/span>\n\t\t\t<\/h3>\n\t\t\t<p class=\"qodef-m-text\" >Estetik, i\u015flevsellik ve s\u00fcrd\u00fcr\u00fclebilirli\u011fi \u00f6n planda tutan tasar\u0131m anlay\u0131\u015f\u0131yla projeler geli\u015ftiriyoruz. G\u00fcn\u00fcm\u00fcz ihtiya\u00e7lar\u0131na uygun, yenilik\u00e7i ve kullan\u0131c\u0131 odakl\u0131 \u00e7\u00f6z\u00fcmler sunarak, \u00e7a\u011fda\u015f yap\u0131lar in\u015fa ediyoruz.<\/p>\n\t<\/div>\n<\/div>\n\t\t\t\t<\/div>\n\t\t\t\t<\/div>\n\t\t\t\t\t<\/div>\n\t\t<\/div>\n\t\t\t\t<div class=\"elementor-column elementor-col-25 elementor-top-column elementor-element elementor-element-5e3b27f\" data-id=\"5e3b27f\" data-element_type=\"column\">\n\t\t\t<div class=\"elementor-widget-wrap elementor-element-populated\">\n\t\t\t\t\t\t<div class=\"elementor-element elementor-element-840a7a6 elementor-widget__width-initial elementor-widget elementor-widget-archicon_core_icon_with_text\" data-id=\"840a7a6\" data-element_type=\"widget\" data-widget_type=\"archicon_core_icon_with_text.default\">\n\t\t\t\t<div class=\"elementor-widget-container\">\n\t\t\t\t\t<div class=\"qodef-shortcode qodef-m qodef-icon-with-text qodef-layout--top qodef--custom-icon qodef-alignment--left\">\n\t<div class=\"qodef-m-icon-wrapper\">\n\t\t\t\t\t<img decoding=\"async\" width=\"200\" height=\"100\" src=\"https:\/\/izpek.com.tr\/wp-content\/uploads\/2025\/05\/icon_m_2.png\" class=\"attachment-full size-full\" alt=\"\" \/>\t\t<\/div>\n\t<div class=\"qodef-m-content\">\n\t\t\t<h3 class=\"qodef-m-title\" >\n\t\t\t\t\t<span class=\"qodef-m-title-text\">Konfor<\/span>\n\t\t\t<\/h3>\n\t\t\t<p class=\"qodef-m-text\" >Ya\u015fam kalitesini art\u0131rmay\u0131 hedefliyor ve bu do\u011frultuda fonksiyonel planlama, kaliteli malzeme se\u00e7imi ve kullan\u0131c\u0131 dostu detaylarla, her mekan\u0131n konforlu birer ya\u015fam alan\u0131na d\u00f6n\u00fc\u015fmesini sa\u011fl\u0131yoruz.<\/p>\n\t<\/div>\n<\/div>\n\t\t\t\t<\/div>\n\t\t\t\t<\/div>\n\t\t\t\t\t<\/div>\n\t\t<\/div>\n\t\t\t\t<div class=\"elementor-column elementor-col-25 elementor-top-column elementor-element elementor-element-dc34200\" data-id=\"dc34200\" data-element_type=\"column\">\n\t\t\t<div class=\"elementor-widget-wrap elementor-element-populated\">\n\t\t\t\t\t\t<div class=\"elementor-element elementor-element-64e8e87 elementor-widget__width-initial elementor-widget elementor-widget-archicon_core_icon_with_text\" data-id=\"64e8e87\" data-element_type=\"widget\" data-widget_type=\"archicon_core_icon_with_text.default\">\n\t\t\t\t<div class=\"elementor-widget-container\">\n\t\t\t\t\t<div class=\"qodef-shortcode qodef-m qodef-icon-with-text qodef-layout--top qodef--custom-icon qodef-alignment--left\">\n\t<div class=\"qodef-m-icon-wrapper\">\n\t\t\t\t\t<img decoding=\"async\" width=\"200\" height=\"100\" src=\"https:\/\/izpek.com.tr\/wp-content\/uploads\/2025\/05\/icon_m_3.png\" class=\"attachment-full size-full\" alt=\"\" \/>\t\t<\/div>\n\t<div class=\"qodef-m-content\">\n\t\t\t<h3 class=\"qodef-m-title\" >\n\t\t\t\t\t<span class=\"qodef-m-title-text\">Yat\u0131r\u0131m<\/span>\n\t\t\t<\/h3>\n\t\t\t<p class=\"qodef-m-text\" >S\u00fcrd\u00fcr\u00fclebilir kazan\u00e7lar sunan, de\u011fer art\u0131\u015f\u0131 y\u00fcksek projeler geli\u015ftiriyoruz. Do\u011fru lokasyon, g\u00fc\u00e7l\u00fc planlama ve pazar analizine dayal\u0131 stratejilerimizle, her projemizde g\u00fcvenli ve k\u00e2rl\u0131 f\u0131rsatlar olu\u015fturuyoruz.<\/p>\n\t<\/div>\n<\/div>\n\t\t\t\t<\/div>\n\t\t\t\t<\/div>\n\t\t\t\t\t<\/div>\n\t\t<\/div>\n\t\t\t\t<div class=\"elementor-column elementor-col-25 elementor-top-column elementor-element elementor-element-2ff5872\" data-id=\"2ff5872\" data-element_type=\"column\">\n\t\t\t<div class=\"elementor-widget-wrap elementor-element-populated\">\n\t\t\t\t\t\t<div class=\"elementor-element elementor-element-8ead838 elementor-widget__width-initial elementor-widget elementor-widget-archicon_core_icon_with_text\" data-id=\"8ead838\" data-element_type=\"widget\" data-widget_type=\"archicon_core_icon_with_text.default\">\n\t\t\t\t<div class=\"elementor-widget-container\">\n\t\t\t\t\t<div class=\"qodef-shortcode qodef-m qodef-icon-with-text qodef-layout--top qodef--custom-icon qodef-alignment--left\">\n\t<div class=\"qodef-m-icon-wrapper\">\n\t\t\t\t\t<img loading=\"lazy\" decoding=\"async\" width=\"200\" height=\"100\" src=\"https:\/\/izpek.com.tr\/wp-content\/uploads\/2025\/05\/icon_m_4.png\" class=\"attachment-full size-full\" alt=\"\" \/>\t\t<\/div>\n\t<div class=\"qodef-m-content\">\n\t\t\t<h3 class=\"qodef-m-title\" >\n\t\t\t\t\t<span class=\"qodef-m-title-text\">Teknoloji<\/span>\n\t\t\t<\/h3>\n\t\t\t<p class=\"qodef-m-text\" >En yeni teknolojileri kullanarak, kaliteli, dayan\u0131kl\u0131 ve yenilik\u00e7i yap\u0131lar in\u015fa ediyoruz. Geli\u015fen trendleri yak\u0131ndan takip ederek, hem s\u00fcre\u00e7 verimlili\u011fini art\u0131r\u0131yor hem de modern standartlara uygun \u00e7\u00f6z\u00fcmler sunuyoruz.<\/p>\n\t<\/div>\n<\/div>\n\t\t\t\t<\/div>\n\t\t\t\t<\/div>\n\t\t\t\t\t<\/div>\n\t\t<\/div>\n\t\t\t\t\t<\/div>\n\t\t<\/section>\n\t\t\t\t<section class=\"elementor-section elementor-top-section elementor-element elementor-element-74d710f elementor-section-full_width elementor-section-height-default elementor-section-height-default qodef-elementor-content-no\" data-id=\"74d710f\" data-element_type=\"section\">\n\t\t\t\t\t\t<div class=\"elementor-container elementor-column-gap-default\">\n\t\t\t\t\t<div class=\"elementor-column elementor-col-100 elementor-top-column elementor-element elementor-element-0e3d205\" data-id=\"0e3d205\" data-element_type=\"column\" data-settings=\"{&quot;background_background&quot;:&quot;slideshow&quot;,&quot;background_slideshow_gallery&quot;:[{&quot;id&quot;:16156,&quot;url&quot;:&quot;https:\\\/\\\/izpek.com.tr\\\/wp-content\\\/uploads\\\/2025\\\/06\\\/konfor_1.jpg&quot;},{&quot;id&quot;:16159,&quot;url&quot;:&quot;https:\\\/\\\/izpek.com.tr\\\/wp-content\\\/uploads\\\/2025\\\/06\\\/konfor_4.jpg&quot;},{&quot;id&quot;:16158,&quot;url&quot;:&quot;https:\\\/\\\/izpek.com.tr\\\/wp-content\\\/uploads\\\/2025\\\/06\\\/konfor_3.jpg&quot;},{&quot;id&quot;:16157,&quot;url&quot;:&quot;https:\\\/\\\/izpek.com.tr\\\/wp-content\\\/uploads\\\/2025\\\/06\\\/konfor_2.jpg&quot;}],&quot;background_slideshow_ken_burns&quot;:&quot;yes&quot;,&quot;background_slideshow_loop&quot;:&quot;yes&quot;,&quot;background_slideshow_slide_duration&quot;:5000,&quot;background_slideshow_slide_transition&quot;:&quot;fade&quot;,&quot;background_slideshow_transition_duration&quot;:500,&quot;background_slideshow_ken_burns_zoom_direction&quot;:&quot;in&quot;}\">\n\t\t\t<div class=\"elementor-widget-wrap elementor-element-populated\">\n\t\t\t\t\t\t<div class=\"elementor-element elementor-element-a70c6fb elementor-widget__width-initial elementor-widget elementor-widget-archicon_core_section_title\" data-id=\"a70c6fb\" data-element_type=\"widget\" data-widget_type=\"archicon_core_section_title.default\">\n\t\t\t\t<div class=\"elementor-widget-container\">\n\t\t\t\t\t<div class=\"qodef-shortcode qodef-m qodef-section-title qodef-alignment--left\"  >\n\t\t\t<h2 class=\"qodef-m-title\" style=\"color: #FFFFFF;text-transform: uppercase\">\n\t<span class=\"qodef-m-title-inner\" style=\"--qodef-st-custom-fs: 90px;--qodef-st-custom-fs-1440: 80px;--qodef-st-custom-fs-1366: 80px;--qodef-st-custom-fs-1024: 70px;--qodef-st-custom-fs-768: 70px;--qodef-st-custom-fs-680: 43px;--qodef-st-custom-lh: 90px;--qodef-st-custom-lh-1440: 80px;--qodef-st-custom-lh-1366: 80px;--qodef-st-custom-lh-1024: 70px;--qodef-st-custom-lh-768: 70px;--qodef-st-custom-lh-680: 45px\">\n\t\t\tkonfor, huzur, mutluluk...\t\t<\/span>\n\t<\/h2>\n\t\t<\/div>\n\t\t\t\t<\/div>\n\t\t\t\t<\/div>\n\t\t\t\t\t<\/div>\n\t\t<\/div>\n\t\t\t\t\t<\/div>\n\t\t<\/section>\n\t\t<div class=\"elementor-element elementor-element-4edcdc5 e-flex e-con-boxed e-con e-parent\" data-id=\"4edcdc5\" data-element_type=\"container\">\n\t\t\t\t\t<div class=\"e-con-inner\">\n\t\t\t\t\t<\/div>\n\t\t\t\t<\/div>\n\t\t<div class=\"elementor-element elementor-element-3b9932f e-flex e-con-boxed e-con e-parent\" data-id=\"3b9932f\" data-element_type=\"container\">\n\t\t\t\t\t<div class=\"e-con-inner\">\n\t\t\t\t<div class=\"elementor-element elementor-element-3b55741 elementor-widget elementor-widget-text-editor\" data-id=\"3b55741\" data-element_type=\"widget\" data-widget_type=\"text-editor.default\">\n\t\t\t\t<div class=\"elementor-widget-container\">\n\t\t\t\t\t\t\t\t\t<p data-start=\"552\" data-end=\"836\">Bug\u00fcn\u00fcn ihtiya\u00e7lar\u0131n\u0131 kar\u015f\u0131larken yar\u0131n\u0131n d\u00fcnyas\u0131n\u0131 da g\u00f6zeten anlay\u0131\u015f\u0131m\u0131zla; do\u011fayla uyumlu, s\u00fcrd\u00fcr\u00fclebilir, estetik ve fonksiyonel yap\u0131lar \u00fcretmeyi s\u00fcrd\u00fcr\u00fcyoruz. Kaliteyi her zaman \u00f6n planda tutuyor, kullan\u0131lan her malzemede ve uygulanan her i\u015f\u00e7ilikte bu bak\u0131\u015f a\u00e7\u0131m\u0131z\u0131 yans\u0131t\u0131yoruz.<\/p><p data-start=\"838\" data-end=\"1161\">Modern \u015fehircilik anlay\u0131\u015f\u0131n\u0131n gerekliliklerini yerine getirirken, <em data-start=\"904\" data-end=\"926\">\u201c\u00f6nce insan ve do\u011fa\u201d<\/em>\u00a0yakla\u015f\u0131m\u0131yla hareket ediyoruz.Kentsel d\u00f6n\u00fc\u015f\u00fcm projelerindeki aktif rol\u00fcm\u00fczle yaln\u0131zca bireysel ya\u015fam alanlar\u0131 de\u011fil, kent siluetine de\u011fer katan yeni nesil yap\u0131lar \u00fcretmeye odaklan\u0131yoruz. Her bir projemiz, \u015fehirlerin gelece\u011fine b\u0131rak\u0131lm\u0131\u015f sa\u011flam, estetik ve \u00e7evreci birer izdir.<\/p>\t\t\t\t\t\t\t\t<\/div>\n\t\t\t\t<\/div>\n\t\t\t\t\t<\/div>\n\t\t\t\t<\/div>\n\t\t\t\t<\/div>","protected":false},"excerpt":{"rendered":"<p>DE\u011eERLER\u0130M\u0130Z HER PROJEM\u0130Z 4 DE\u011eER \u00dcZER\u0130NE \u0130N\u015eA ED\u0130L\u0130R Tasar\u0131m Estetik, i\u015flevsellik ve s\u00fcrd\u00fcr\u00fclebilirli\u011fi \u00f6n planda tutan tasar\u0131m anlay\u0131\u015f\u0131yla projeler geli\u015ftiriyoruz. G\u00fcn\u00fcm\u00fcz ihtiya\u00e7lar\u0131na uygun, yenilik\u00e7i ve kullan\u0131c\u0131 odakl\u0131 \u00e7\u00f6z\u00fcmler sunarak, \u00e7a\u011fda\u015f yap\u0131lar in\u015fa ediyoruz. Konfor Ya\u015fam kalitesini art\u0131rmay\u0131 hedefliyor ve bu do\u011frultuda fonksiyonel planlama, kaliteli malzeme se\u00e7imi ve kullan\u0131c\u0131 dostu detaylarla, her mekan\u0131n konforlu birer ya\u015fam [&hellip;]<\/p>","protected":false},"author":1,"featured_media":0,"parent":0,"menu_order":0,"comment_status":"closed","ping_status":"closed","template":"page-full-width.php","meta":{"footnotes":""},"class_list":["post-14251","page","type-page","status-publish","hentry"],"_links":{"self":[{"href":"https:\/\/izpek.com.tr\/de\/wp-json\/wp\/v2\/pages\/14251","targetHints":{"allow":["GET"]}}],"collection":[{"href":"https:\/\/izpek.com.tr\/de\/wp-json\/wp\/v2\/pages"}],"about":[{"href":"https:\/\/izpek.com.tr\/de\/wp-json\/wp\/v2\/types\/page"}],"author":[{"embeddable":true,"href":"https:\/\/izpek.com.tr\/de\/wp-json\/wp\/v2\/users\/1"}],"replies":[{"embeddable":true,"href":"https:\/\/izpek.com.tr\/de\/wp-json\/wp\/v2\/comments?post=14251"}],"version-history":[{"count":17,"href":"https:\/\/izpek.com.tr\/de\/wp-json\/wp\/v2\/pages\/14251\/revisions"}],"predecessor-version":[{"id":16359,"href":"https:\/\/izpek.com.tr\/de\/wp-json\/wp\/v2\/pages\/14251\/revisions\/16359"}],"wp:attachment":[{"href":"https:\/\/izpek.com.tr\/de\/wp-json\/wp\/v2\/media?parent=14251"}],"curies":[{"name":"wp","href":"https:\/\/api.w.org\/{rel}","templated":true}]}}