{"id":14263,"date":"2025-06-07T13:17:04","date_gmt":"2025-06-07T13:17:04","guid":{"rendered":"https:\/\/izpek.com.tr\/?page_id=14263"},"modified":"2025-06-22T12:59:42","modified_gmt":"2025-06-22T09:59:42","slug":"izpek-rec","status":"publish","type":"page","link":"https:\/\/izpek.com.tr\/de\/izpek-rec\/","title":{"rendered":"\u0130zpek Rec"},"content":{"rendered":"<div data-elementor-type=\"wp-page\" data-elementor-id=\"14263\" class=\"elementor elementor-14263\" data-elementor-settings=\"{&quot;element_pack_global_tooltip_width&quot;:{&quot;unit&quot;:&quot;px&quot;,&quot;size&quot;:&quot;&quot;,&quot;sizes&quot;:[]},&quot;element_pack_global_tooltip_width_tablet&quot;:{&quot;unit&quot;:&quot;px&quot;,&quot;size&quot;:&quot;&quot;,&quot;sizes&quot;:[]},&quot;element_pack_global_tooltip_width_mobile&quot;:{&quot;unit&quot;:&quot;px&quot;,&quot;size&quot;:&quot;&quot;,&quot;sizes&quot;:[]},&quot;element_pack_global_tooltip_padding&quot;:{&quot;unit&quot;:&quot;px&quot;,&quot;top&quot;:&quot;&quot;,&quot;right&quot;:&quot;&quot;,&quot;bottom&quot;:&quot;&quot;,&quot;left&quot;:&quot;&quot;,&quot;isLinked&quot;:true},&quot;element_pack_global_tooltip_padding_tablet&quot;:{&quot;unit&quot;:&quot;px&quot;,&quot;top&quot;:&quot;&quot;,&quot;right&quot;:&quot;&quot;,&quot;bottom&quot;:&quot;&quot;,&quot;left&quot;:&quot;&quot;,&quot;isLinked&quot;:true},&quot;element_pack_global_tooltip_padding_mobile&quot;:{&quot;unit&quot;:&quot;px&quot;,&quot;top&quot;:&quot;&quot;,&quot;right&quot;:&quot;&quot;,&quot;bottom&quot;:&quot;&quot;,&quot;left&quot;:&quot;&quot;,&quot;isLinked&quot;:true},&quot;element_pack_global_tooltip_border_radius&quot;:{&quot;unit&quot;:&quot;px&quot;,&quot;top&quot;:&quot;&quot;,&quot;right&quot;:&quot;&quot;,&quot;bottom&quot;:&quot;&quot;,&quot;left&quot;:&quot;&quot;,&quot;isLinked&quot;:true},&quot;element_pack_global_tooltip_border_radius_tablet&quot;:{&quot;unit&quot;:&quot;px&quot;,&quot;top&quot;:&quot;&quot;,&quot;right&quot;:&quot;&quot;,&quot;bottom&quot;:&quot;&quot;,&quot;left&quot;:&quot;&quot;,&quot;isLinked&quot;:true},&quot;element_pack_global_tooltip_border_radius_mobile&quot;:{&quot;unit&quot;:&quot;px&quot;,&quot;top&quot;:&quot;&quot;,&quot;right&quot;:&quot;&quot;,&quot;bottom&quot;:&quot;&quot;,&quot;left&quot;:&quot;&quot;,&quot;isLinked&quot;:true}}\" data-elementor-post-type=\"page\">\n\t\t\t\t\t\t<section class=\"elementor-section elementor-top-section elementor-element elementor-element-9e103bd elementor-section-full_width elementor-section-height-default elementor-section-height-default qodef-elementor-content-no\" data-id=\"9e103bd\" data-element_type=\"section\" data-settings=\"{&quot;background_background&quot;:&quot;classic&quot;}\">\n\t\t\t\t\t\t<div class=\"elementor-container elementor-column-gap-default\">\n\t\t\t\t\t<div class=\"elementor-column elementor-col-100 elementor-top-column elementor-element elementor-element-2154f91\" data-id=\"2154f91\" data-element_type=\"column\">\n\t\t\t<div class=\"elementor-widget-wrap elementor-element-populated\">\n\t\t\t\t\t\t<div class=\"elementor-element elementor-element-402bd7f elementor-widget__width-initial elementor-widget elementor-widget-archicon_core_section_title\" data-id=\"402bd7f\" data-element_type=\"widget\" data-widget_type=\"archicon_core_section_title.default\">\n\t\t\t\t<div class=\"elementor-widget-container\">\n\t\t\t\t\t<div class=\"qodef-shortcode qodef-m qodef-section-title qodef-alignment--left\"  >\n\t\t\t<h1 class=\"qodef-m-title\" style=\"color: #FFFFFF;text-transform: uppercase\">\n\t<span class=\"qodef-m-title-inner\" style=\"--qodef-st-custom-fs: 90px;--qodef-st-custom-lh: 90px\">\n\t\t\tizpek rec\t\t<\/span>\n\t<\/h1>\n\t\t<h5 class=\"qodef-m-text\" >\n\t\tReal Estate Consultancy\t<\/h5>\n\t<\/div>\n\t\t\t\t<\/div>\n\t\t\t\t<\/div>\n\t\t\t\t\t<\/div>\n\t\t<\/div>\n\t\t\t\t\t<\/div>\n\t\t<\/section>\n\t\t<div class=\"elementor-element elementor-element-a8fb8bb e-flex e-con-boxed e-con e-parent\" data-id=\"a8fb8bb\" data-element_type=\"container\">\n\t\t\t\t\t<div class=\"e-con-inner\">\n\t\t\t\t<div class=\"elementor-element elementor-element-a3ff877 elementor-widget elementor-widget-text-editor\" data-id=\"a3ff877\" data-element_type=\"widget\" data-widget_type=\"text-editor.default\">\n\t\t\t\t<div class=\"elementor-widget-container\">\n\t\t\t\t\t\t\t\t\t<h2>Gayrimenkul Yat\u0131r\u0131m\u0131nda Yeni Bir Soluk: Yapay Zeka Destekli Sat\u0131\u015f ve Kiralama Hizmetleri<\/h2>\t\t\t\t\t\t\t\t<\/div>\n\t\t\t\t<\/div>\n\t\t\t\t\t<\/div>\n\t\t\t\t<\/div>\n\t\t<div class=\"elementor-element elementor-element-fd01c8e e-grid e-con-boxed e-con e-parent\" data-id=\"fd01c8e\" data-element_type=\"container\">\n\t\t\t\t\t<div class=\"e-con-inner\">\n\t\t\t\t<div class=\"elementor-element elementor-element-7bb5258 elementor-widget elementor-widget-text-editor\" data-id=\"7bb5258\" data-element_type=\"widget\" data-widget_type=\"text-editor.default\">\n\t\t\t\t<div class=\"elementor-widget-container\">\n\t\t\t\t\t\t\t\t\t<p>Geleneksel gayrimenkul hizmetlerinin \u00f6tesine ge\u00e7erek, m\u00fc\u015fterilerimize sat\u0131\u015f sonras\u0131 s\u00fcre\u00e7te <strong>yapay zeka destekli analiz hizmeti<\/strong> sunuyoruz.<\/p><p>Bu hizmet sayesinde, m\u00fclk sahipleri gayrimenkullerinin piyasa de\u011ferini, potansiyel kira getirisini ve gelecekteki de\u011fer art\u0131\u015f\u0131 beklentilerini bilimsel verilere dayanarak \u00f6\u011frenebiliyor. Yapay zeka algoritmalar\u0131, b\u00f6lgedeki demografik veriler, emlak piyasas\u0131 trendleri, benzer m\u00fclklerin sat\u0131\u015f ve kira ge\u00e7mi\u015fleri gibi bir\u00e7ok fakt\u00f6r\u00fc analiz ederek m\u00fc\u015fterilere <strong>objektif ve g\u00fcvenilir bilgiler<\/strong> sunuyor.<\/p><p>Bu sayede, yat\u0131r\u0131mc\u0131lar m\u00fclklerini satma veya kiralama konusunda <strong>daha bilin\u00e7li ve stratejik kararlar<\/strong> alabiliyor.<\/p>\t\t\t\t\t\t\t\t<\/div>\n\t\t\t\t<\/div>\n\t\t\t\t<div class=\"elementor-element elementor-element-909dc98 elementor-widget elementor-widget-text-editor\" data-id=\"909dc98\" data-element_type=\"widget\" data-widget_type=\"text-editor.default\">\n\t\t\t\t<div class=\"elementor-widget-container\">\n\t\t\t\t\t\t\t\t\t<p>Sundu\u011fumuz bir di\u011fer \u00f6nemli hizmet ise, daire veya d\u00fckkanlar\u0131n <strong>sat\u0131\u015f ve kiralama s\u00fcre\u00e7lerinde profesyonel destek<\/strong> sa\u011flamam\u0131z.<\/p><p>M\u00fc\u015fterilerimiz, m\u00fclklerini satmak veya kiralamak istediklerinde, firman\u0131n deneyimli emlak uzmanlar\u0131ndan olu\u015fan ekibinden tam destek alabiliyorlar. Bu destek, do\u011fru fiyatland\u0131rmadan etkili pazarlamaya, potansiyel al\u0131c\u0131\/kirac\u0131 bulmaktan yasal s\u00fcre\u00e7lerin y\u00f6netimine kadar geni\u015f bir yelpazeyi kaps\u0131yor.<\/p><p>\u00d6zellikle Alia\u011fa ve \u0130zmir merkez gibi dinamik piyasalarda, profesyonel bir ekiple \u00e7al\u0131\u015fmak, <strong>sat\u0131\u015f ve kiralama s\u00fcre\u00e7lerini h\u0131zland\u0131r\u0131rken, en iyi sonuca ula\u015f\u0131lmas\u0131n\u0131 sa\u011fl\u0131yor.<\/strong><\/p>\t\t\t\t\t\t\t\t<\/div>\n\t\t\t\t<\/div>\n\t\t\t\t\t<\/div>\n\t\t\t\t<\/div>\n\t\t\t\t<section class=\"elementor-section elementor-top-section elementor-element elementor-element-74d710f elementor-section-full_width elementor-section-height-default elementor-section-height-default qodef-elementor-content-no\" data-id=\"74d710f\" data-element_type=\"section\" data-settings=\"{&quot;background_background&quot;:&quot;classic&quot;}\">\n\t\t\t\t\t\t\t<div class=\"elementor-background-overlay\"><\/div>\n\t\t\t\t\t\t\t<div class=\"elementor-container elementor-column-gap-default\">\n\t\t\t\t\t<div class=\"elementor-column elementor-col-100 elementor-top-column elementor-element elementor-element-0e3d205\" data-id=\"0e3d205\" data-element_type=\"column\" data-settings=\"{&quot;background_background&quot;:&quot;classic&quot;}\">\n\t\t\t<div class=\"elementor-widget-wrap elementor-element-populated\">\n\t\t\t\t\t<div class=\"elementor-background-overlay\"><\/div>\n\t\t\t\t\t\t<div class=\"elementor-element elementor-element-a70c6fb elementor-widget__width-initial elementor-widget elementor-widget-archicon_core_section_title\" data-id=\"a70c6fb\" data-element_type=\"widget\" data-widget_type=\"archicon_core_section_title.default\">\n\t\t\t\t<div class=\"elementor-widget-container\">\n\t\t\t\t\t<div class=\"qodef-shortcode qodef-m qodef-section-title qodef-alignment--left\"  >\n\t\t\t<h2 class=\"qodef-m-title\" style=\"color: #FFFFFF;text-transform: uppercase\">\n\t<span class=\"qodef-m-title-inner\" style=\"--qodef-st-custom-fs: 90px;--qodef-st-custom-fs-1440: 80px;--qodef-st-custom-fs-1366: 80px;--qodef-st-custom-fs-1024: 70px;--qodef-st-custom-fs-768: 70px;--qodef-st-custom-fs-680: 43px;--qodef-st-custom-lh: 90px;--qodef-st-custom-lh-1440: 80px;--qodef-st-custom-lh-1366: 80px;--qodef-st-custom-lh-1024: 70px;--qodef-st-custom-lh-768: 70px;--qodef-st-custom-lh-680: 45px\">\n\t\t\tEn do\u011fru yat\u0131r\u0131m\u0131 sizin i\u00e7in de\u011ferlendiriyoruz\t\t<\/span>\n\t<\/h2>\n\t\t<\/div>\n\t\t\t\t<\/div>\n\t\t\t\t<\/div>\n\t\t\t\t\t<\/div>\n\t\t<\/div>\n\t\t\t\t\t<\/div>\n\t\t<\/section>\n\t\t<div class=\"elementor-element elementor-element-f5a287c e-con-full e-flex e-con e-parent\" data-id=\"f5a287c\" data-element_type=\"container\">\n\t\t<div class=\"elementor-element elementor-element-b913994 e-con-full e-flex e-con e-child\" data-id=\"b913994\" data-element_type=\"container\">\n\t\t\t\t<div class=\"elementor-element elementor-element-f453c7d elementor-widget elementor-widget-text-editor\" data-id=\"f453c7d\" data-element_type=\"widget\" data-widget_type=\"text-editor.default\">\n\t\t\t\t<div class=\"elementor-widget-container\">\n\t\t\t\t\t\t\t\t\t<h2 data-sourcepos=\"14:1-14:37\">Neden Bu Yakla\u015f\u0131m Fark Yarat\u0131yor?<\/h2><p data-sourcepos=\"16:1-16:77\">Bu yenilik\u00e7i yakla\u015f\u0131m, gayrimenkul yat\u0131r\u0131mc\u0131lar\u0131 i\u00e7in bir\u00e7ok avantaj sunuyor:<\/p>\t\t\t\t\t\t\t\t<\/div>\n\t\t\t\t<\/div>\n\t\t\t\t<\/div>\n\t\t<div class=\"elementor-element elementor-element-ff641ab e-con-full e-flex e-con e-child\" data-id=\"ff641ab\" data-element_type=\"container\">\n\t\t\t\t<div class=\"elementor-element elementor-element-478db62 elementor-widget elementor-widget-text-editor\" data-id=\"478db62\" data-element_type=\"widget\" data-widget_type=\"text-editor.default\">\n\t\t\t\t<div class=\"elementor-widget-container\">\n\t\t\t\t\t\t\t\t\t<p>\u00a0<\/p><ul><li data-sourcepos=\"18:1-18:182\"><strong>G\u00fcvenilirlik ve \u015eeffafl\u0131k:<\/strong> Yapay zeka destekli analizler, piyasa verilerine dayal\u0131 objektif bilgiler sunarak yat\u0131r\u0131mc\u0131lar\u0131n kararlar\u0131n\u0131 daha \u015feffaf ve g\u00fcvenilir hale getiriyor.<\/li><\/ul><ul><li data-sourcepos=\"19:1-19:170\"><strong>Zaman ve Enerji Tasarrufu:<\/strong> M\u00fc\u015fterilerin sat\u0131\u015f veya kiralama s\u00fcre\u00e7leriyle bizzat u\u011fra\u015fmak zorunda kalmamas\u0131, onlara \u00f6nemli \u00f6l\u00e7\u00fcde zaman ve enerji tasarrufu sa\u011fl\u0131yor.<\/li><\/ul><ul><li data-sourcepos=\"20:1-20:197\"><strong>Maksimum Getiri Potansiyeli:<\/strong> Profesyonel pazarlama stratejileri ve yapay zeka analizleri sayesinde m\u00fclklerin en do\u011fru fiyattan sat\u0131lmas\u0131 veya kiralanmas\u0131, yat\u0131r\u0131m getirisini maksimize ediyor.<\/li><\/ul><ul><li data-sourcepos=\"21:1-22:0\"><strong>S\u00fcrekli Destek:<\/strong> Sat\u0131\u015f sonras\u0131 dahi devam eden hizmet anlay\u0131\u015f\u0131, m\u00fc\u015fterilerin kendilerini yaln\u0131z hissetmemesini ve her a\u015famada desteklenmesini sa\u011fl\u0131yor.<\/li><\/ul>\t\t\t\t\t\t\t\t<\/div>\n\t\t\t\t<\/div>\n\t\t\t\t<\/div>\n\t\t\t\t<\/div>\n\t\t\t\t<section class=\"elementor-section elementor-top-section elementor-element elementor-element-e1fb671 elementor-section-full_width elementor-section-height-default elementor-section-height-default qodef-elementor-content-no\" data-id=\"e1fb671\" data-element_type=\"section\" data-settings=\"{&quot;background_background&quot;:&quot;classic&quot;}\">\n\t\t\t\t\t\t<div class=\"elementor-container elementor-column-gap-default\">\n\t\t\t\t\t<div class=\"elementor-column elementor-col-50 elementor-top-column elementor-element elementor-element-e166e7c\" data-id=\"e166e7c\" data-element_type=\"column\">\n\t\t\t<div class=\"elementor-widget-wrap elementor-element-populated\">\n\t\t\t\t\t\t<div class=\"elementor-element elementor-element-f908e5f elementor-widget__width-initial elementor-widget elementor-widget-archicon_core_section_title\" data-id=\"f908e5f\" data-element_type=\"widget\" data-widget_type=\"archicon_core_section_title.default\">\n\t\t\t\t<div class=\"elementor-widget-container\">\n\t\t\t\t\t<div class=\"qodef-shortcode qodef-m qodef-section-title qodef-alignment--left\"  >\n\t\t\t<h2 class=\"qodef-m-title\" >\n\t<span class=\"qodef-m-title-inner\" >\n\t\t\tBize Ula\u015f\u0131n\t\t<\/span>\n\t<\/h2>\n\t\t<h5 class=\"qodef-m-text\" >\n\t\tModern ve yat\u0131r\u0131m de\u011feri y\u00fcksek projeleriyle \u00f6ne \u00e7\u0131kan \u0130ZPEK, gayrimenkul sekt\u00f6r\u00fcnde standartlar\u0131 y\u00fckseltiyor. Yapay zeka destekli analiz, sat\u0131\u015f ve kiralama hizmetleriyle, m\u00fc\u015fterilerine sadece bir gayrimenkul de\u011fil, ayn\u0131 zamanda kapsaml\u0131 bir yat\u0131r\u0131m dan\u0131\u015fmanl\u0131\u011f\u0131 ve \u00e7\u00f6z\u00fcm ortakl\u0131\u011f\u0131 sunuyor.\n\n\t<\/h5>\n\t<\/div>\n\t\t\t\t<\/div>\n\t\t\t\t<\/div>\n\t\t\t\t\t<\/div>\n\t\t<\/div>\n\t\t\t\t<div class=\"elementor-column elementor-col-50 elementor-top-column elementor-element elementor-element-713fc10\" data-id=\"713fc10\" data-element_type=\"column\">\n\t\t\t<div class=\"elementor-widget-wrap elementor-element-populated\">\n\t\t\t\t\t\t<div class=\"elementor-element elementor-element-bc7f337 elementor-button-align-stretch elementor-widget elementor-widget-form\" data-id=\"bc7f337\" data-element_type=\"widget\" data-settings=\"{&quot;step_next_label&quot;:&quot;Next&quot;,&quot;step_previous_label&quot;:&quot;Previous&quot;,&quot;button_width&quot;:&quot;100&quot;,&quot;step_type&quot;:&quot;number_text&quot;,&quot;step_icon_shape&quot;:&quot;circle&quot;}\" data-widget_type=\"form.default\">\n\t\t\t\t<div class=\"elementor-widget-container\">\n\t\t\t\t\t\t\t<form class=\"elementor-form\" method=\"post\" name=\"New Form\" aria-label=\"New Form\" action=\"\">\n\t\t\t<input type=\"hidden\" name=\"post_id\" value=\"14263\"\/>\n\t\t\t<input type=\"hidden\" name=\"form_id\" value=\"bc7f337\"\/>\n\t\t\t<input type=\"hidden\" name=\"referer_title\" value=\"\u0130zpek Rec\" \/>\n\n\t\t\t\t\t\t\t<input type=\"hidden\" name=\"queried_id\" value=\"14263\"\/>\n\t\t\t\n\t\t\t<div class=\"elementor-form-fields-wrapper elementor-labels-above\">\n\t\t\t\t\t\t\t\t<div class=\"elementor-field-type-text elementor-field-group elementor-column elementor-field-group-name elementor-col-100\">\n\t\t\t\t\t\t\t\t\t\t\t\t<label for=\"form-field-name\" class=\"elementor-field-label\">\n\t\t\t\t\t\t\t\tAd\u0131n\u0131z\t\t\t\t\t\t\t<\/label>\n\t\t\t\t\t\t\t\t\t\t\t\t\t\t<input size=\"1\" type=\"text\" name=\"form_fields[name]\" id=\"form-field-name\" class=\"elementor-field elementor-size-sm  elementor-field-textual\" placeholder=\"Ad\u0131n\u0131z\">\n\t\t\t\t\t\t\t\t\t\t\t<\/div>\n\t\t\t\t\t\t\t\t<div class=\"elementor-field-type-email elementor-field-group elementor-column elementor-field-group-email elementor-col-100 elementor-field-required\">\n\t\t\t\t\t\t\t\t\t\t\t\t<label for=\"form-field-email\" class=\"elementor-field-label\">\n\t\t\t\t\t\t\t\tEmail\t\t\t\t\t\t\t<\/label>\n\t\t\t\t\t\t\t\t\t\t\t\t\t\t<input size=\"1\" type=\"email\" name=\"form_fields[email]\" id=\"form-field-email\" class=\"elementor-field elementor-size-sm  elementor-field-textual\" placeholder=\"Email\" required=\"required\">\n\t\t\t\t\t\t\t\t\t\t\t<\/div>\n\t\t\t\t\t\t\t\t<div class=\"elementor-field-type-textarea elementor-field-group elementor-column elementor-field-group-message elementor-col-100\">\n\t\t\t\t\t\t\t\t\t\t\t\t<label for=\"form-field-message\" class=\"elementor-field-label\">\n\t\t\t\t\t\t\t\tMesaj\u0131n\u0131z\t\t\t\t\t\t\t<\/label>\n\t\t\t\t\t\t<textarea class=\"elementor-field-textual elementor-field  elementor-size-sm\" name=\"form_fields[message]\" id=\"form-field-message\" rows=\"1\" placeholder=\"Mesaj\u0131n\u0131z\"><\/textarea>\t\t\t\t<\/div>\n\t\t\t\t\t\t\t\t<div class=\"elementor-field-group elementor-column elementor-field-type-submit elementor-col-100 e-form__buttons\">\n\t\t\t\t\t<button class=\"elementor-button elementor-size-sm\" type=\"submit\">\n\t\t\t\t\t\t<span class=\"elementor-button-content-wrapper\">\n\t\t\t\t\t\t\t\t\t\t\t\t\t\t\t\t\t\t\t\t\t\t<span class=\"elementor-button-text\">G\u00f6nder<\/span>\n\t\t\t\t\t\t\t\t\t\t\t\t\t<\/span>\n\t\t\t\t\t<\/button>\n\t\t\t\t<\/div>\n\t\t\t<\/div>\n\t\t<input type=\"hidden\" name=\"trp-form-language\" value=\"de\"\/><\/form>\n\t\t\t\t\t\t<\/div>\n\t\t\t\t<\/div>\n\t\t\t\t\t<\/div>\n\t\t<\/div>\n\t\t\t\t\t<\/div>\n\t\t<\/section>\n\t\t\t\t<\/div>","protected":false},"excerpt":{"rendered":"<p>izpek rec Real Estate Consultancy Gayrimenkul Yat\u0131r\u0131m\u0131nda Yeni Bir Soluk: Yapay Zeka Destekli Sat\u0131\u015f ve Kiralama Hizmetleri Geleneksel gayrimenkul hizmetlerinin \u00f6tesine ge\u00e7erek, m\u00fc\u015fterilerimize sat\u0131\u015f sonras\u0131 s\u00fcre\u00e7te yapay zeka destekli analiz hizmeti sunuyoruz. Bu hizmet sayesinde, m\u00fclk sahipleri gayrimenkullerinin piyasa de\u011ferini, potansiyel kira getirisini ve gelecekteki de\u011fer art\u0131\u015f\u0131 beklentilerini bilimsel verilere dayanarak \u00f6\u011frenebiliyor. Yapay zeka algoritmalar\u0131, [&hellip;]<\/p>","protected":false},"author":1,"featured_media":0,"parent":0,"menu_order":0,"comment_status":"closed","ping_status":"closed","template":"page-full-width.php","meta":{"footnotes":""},"class_list":["post-14263","page","type-page","status-publish","hentry"],"_links":{"self":[{"href":"https:\/\/izpek.com.tr\/de\/wp-json\/wp\/v2\/pages\/14263","targetHints":{"allow":["GET"]}}],"collection":[{"href":"https:\/\/izpek.com.tr\/de\/wp-json\/wp\/v2\/pages"}],"about":[{"href":"https:\/\/izpek.com.tr\/de\/wp-json\/wp\/v2\/types\/page"}],"author":[{"embeddable":true,"href":"https:\/\/izpek.com.tr\/de\/wp-json\/wp\/v2\/users\/1"}],"replies":[{"embeddable":true,"href":"https:\/\/izpek.com.tr\/de\/wp-json\/wp\/v2\/comments?post=14263"}],"version-history":[{"count":97,"href":"https:\/\/izpek.com.tr\/de\/wp-json\/wp\/v2\/pages\/14263\/revisions"}],"predecessor-version":[{"id":16288,"href":"https:\/\/izpek.com.tr\/de\/wp-json\/wp\/v2\/pages\/14263\/revisions\/16288"}],"wp:attachment":[{"href":"https:\/\/izpek.com.tr\/de\/wp-json\/wp\/v2\/media?parent=14263"}],"curies":[{"name":"wp","href":"https:\/\/api.w.org\/{rel}","templated":true}]}}