{"id":14500,"date":"2025-06-08T05:31:12","date_gmt":"2025-06-08T05:31:12","guid":{"rendered":"https:\/\/izpek.com.tr\/?page_id=14500"},"modified":"2025-06-22T09:52:49","modified_gmt":"2025-06-22T06:52:49","slug":"cevre-politikamiz","status":"publish","type":"page","link":"https:\/\/izpek.com.tr\/en\/cevre-politikamiz\/","title":{"rendered":"\u00c7evre Politikam\u0131z"},"content":{"rendered":"<div data-elementor-type=\"wp-page\" data-elementor-id=\"14500\" class=\"elementor elementor-14500\" data-elementor-settings=\"{&quot;element_pack_global_tooltip_width&quot;:{&quot;unit&quot;:&quot;px&quot;,&quot;size&quot;:&quot;&quot;,&quot;sizes&quot;:[]},&quot;element_pack_global_tooltip_width_tablet&quot;:{&quot;unit&quot;:&quot;px&quot;,&quot;size&quot;:&quot;&quot;,&quot;sizes&quot;:[]},&quot;element_pack_global_tooltip_width_mobile&quot;:{&quot;unit&quot;:&quot;px&quot;,&quot;size&quot;:&quot;&quot;,&quot;sizes&quot;:[]},&quot;element_pack_global_tooltip_padding&quot;:{&quot;unit&quot;:&quot;px&quot;,&quot;top&quot;:&quot;&quot;,&quot;right&quot;:&quot;&quot;,&quot;bottom&quot;:&quot;&quot;,&quot;left&quot;:&quot;&quot;,&quot;isLinked&quot;:true},&quot;element_pack_global_tooltip_padding_tablet&quot;:{&quot;unit&quot;:&quot;px&quot;,&quot;top&quot;:&quot;&quot;,&quot;right&quot;:&quot;&quot;,&quot;bottom&quot;:&quot;&quot;,&quot;left&quot;:&quot;&quot;,&quot;isLinked&quot;:true},&quot;element_pack_global_tooltip_padding_mobile&quot;:{&quot;unit&quot;:&quot;px&quot;,&quot;top&quot;:&quot;&quot;,&quot;right&quot;:&quot;&quot;,&quot;bottom&quot;:&quot;&quot;,&quot;left&quot;:&quot;&quot;,&quot;isLinked&quot;:true},&quot;element_pack_global_tooltip_border_radius&quot;:{&quot;unit&quot;:&quot;px&quot;,&quot;top&quot;:&quot;&quot;,&quot;right&quot;:&quot;&quot;,&quot;bottom&quot;:&quot;&quot;,&quot;left&quot;:&quot;&quot;,&quot;isLinked&quot;:true},&quot;element_pack_global_tooltip_border_radius_tablet&quot;:{&quot;unit&quot;:&quot;px&quot;,&quot;top&quot;:&quot;&quot;,&quot;right&quot;:&quot;&quot;,&quot;bottom&quot;:&quot;&quot;,&quot;left&quot;:&quot;&quot;,&quot;isLinked&quot;:true},&quot;element_pack_global_tooltip_border_radius_mobile&quot;:{&quot;unit&quot;:&quot;px&quot;,&quot;top&quot;:&quot;&quot;,&quot;right&quot;:&quot;&quot;,&quot;bottom&quot;:&quot;&quot;,&quot;left&quot;:&quot;&quot;,&quot;isLinked&quot;:true}}\" data-elementor-post-type=\"page\">\n\t\t\t\t\t\t<section class=\"elementor-section elementor-top-section elementor-element elementor-element-9e103bd elementor-section-full_width elementor-section-height-default elementor-section-height-default qodef-elementor-content-no\" data-id=\"9e103bd\" data-element_type=\"section\" data-settings=\"{&quot;background_background&quot;:&quot;classic&quot;}\">\n\t\t\t\t\t\t<div class=\"elementor-container elementor-column-gap-default\">\n\t\t\t\t\t<div class=\"elementor-column elementor-col-100 elementor-top-column elementor-element elementor-element-2154f91\" data-id=\"2154f91\" data-element_type=\"column\">\n\t\t\t<div class=\"elementor-widget-wrap elementor-element-populated\">\n\t\t\t\t\t\t<div class=\"elementor-element elementor-element-402bd7f elementor-widget__width-initial elementor-widget elementor-widget-archicon_core_section_title\" data-id=\"402bd7f\" data-element_type=\"widget\" data-widget_type=\"archicon_core_section_title.default\">\n\t\t\t\t<div class=\"elementor-widget-container\">\n\t\t\t\t\t<div class=\"qodef-shortcode qodef-m qodef-section-title qodef-alignment--left\"  >\n\t\t\t<h1 class=\"qodef-m-title\" style=\"color: #FFFFFF;text-transform: uppercase\">\n\t<span class=\"qodef-m-title-inner\" style=\"--qodef-st-custom-fs: 90px;--qodef-st-custom-lh: 90px\">\n\t\t\t\u00c7evre Politikam\u0131z\t\t<\/span>\n\t<\/h1>\n\t\t<\/div>\n\t\t\t\t<\/div>\n\t\t\t\t<\/div>\n\t\t\t\t\t<\/div>\n\t\t<\/div>\n\t\t\t\t\t<\/div>\n\t\t<\/section>\n\t\t\t\t<section class=\"elementor-section elementor-top-section elementor-element elementor-element-bdff451 elementor-section-full_width elementor-section-height-default elementor-section-height-default qodef-elementor-content-no\" data-id=\"bdff451\" data-element_type=\"section\">\n\t\t\t\t\t\t<div class=\"elementor-container elementor-column-gap-default\">\n\t\t\t\t\t<div class=\"elementor-column elementor-col-100 elementor-top-column elementor-element elementor-element-27a6fdb\" data-id=\"27a6fdb\" data-element_type=\"column\">\n\t\t\t<div class=\"elementor-widget-wrap elementor-element-populated\">\n\t\t\t\t\t\t<div class=\"elementor-element elementor-element-cef816a elementor-widget__width-initial elementor-widget elementor-widget-archicon_core_section_title\" data-id=\"cef816a\" data-element_type=\"widget\" data-widget_type=\"archicon_core_section_title.default\">\n\t\t\t\t<div class=\"elementor-widget-container\">\n\t\t\t\t\t<div class=\"qodef-shortcode qodef-m qodef-section-title qodef-alignment--left\"  >\n\t\t\t<h3 class=\"qodef-m-title\" >\n\t<span class=\"qodef-m-title-inner\" >\n\t\t\tYery\u00fcz\u00fc bize atalar\u0131m\u0131zdan miras kalmad\u0131, \u00e7ocuklar\u0131m\u0131zdan \u00f6d\u00fcn\u00e7 ald\u0131k.\t\t<\/span>\n\t<\/h3>\n\t\t<\/div>\n\t\t\t\t<\/div>\n\t\t\t\t<\/div>\n\t\t\t\t\t<\/div>\n\t\t<\/div>\n\t\t\t\t\t<\/div>\n\t\t<\/section>\n\t\t<div class=\"elementor-element elementor-element-3dbfbaa e-con-full e-flex e-con e-parent\" data-id=\"3dbfbaa\" data-element_type=\"container\">\n\t\t<div class=\"elementor-element elementor-element-1770d1a e-con-full e-flex e-con e-child\" data-id=\"1770d1a\" data-element_type=\"container\">\n\t\t\t\t<\/div>\n\t\t<div class=\"elementor-element elementor-element-a3634ff e-con-full e-flex e-con e-child\" data-id=\"a3634ff\" data-element_type=\"container\">\n\t\t\t\t<\/div>\n\t\t<div class=\"elementor-element elementor-element-0219c20 e-con-full e-flex e-con e-child\" data-id=\"0219c20\" data-element_type=\"container\">\n\t\t\t\t<div class=\"elementor-element elementor-element-48f3d90 elementor-widget elementor-widget-text-editor\" data-id=\"48f3d90\" data-element_type=\"widget\" data-widget_type=\"text-editor.default\">\n\t\t\t\t<div class=\"elementor-widget-container\">\n\t\t\t\t\t\t\t\t\t<p>\u00a0 \u00a0 \u00a0 \u00a0 \u00a0 \u0130ZPEK motto olarak benimsedi\u011fi ve her f\u0131rsatta dile getirdi\u011fi \u2018\u2019Ya\u015famaya De\u011fer Yap\u0131lar\u2019\u2019 projelendirme ve \u00fcretme konusundaki ba\u015far\u0131s\u0131n\u0131n haricinde, bu projeleri \u00fcretmek i\u00e7in \u2018\u2019Ya\u015famaya De\u011fer Bir D\u00fcnya\u2019\u2019 i\u00e7in de \u00e7al\u0131\u015fmas\u0131 gerekti\u011finin bilincinde olan bir firmad\u0131r. \u00c7\u00fcnk\u00fc yap\u0131lar ne kadar sa\u011flam, kaliteli ve modern olursa olsun i\u00e7inde hayat buldu\u011fu d\u00fcnya var olduk\u00e7a anlam bulacakt\u0131r.<\/p><p>\u00a0 \u00a0 \u00a0 \u00a0 \u00a0 Bu nedenle, \u00e7evre politikas\u0131 olarak benimsedi\u011fi ilkelere s\u0131k\u0131 kurallarla ba\u011fl\u0131 \u00e7al\u0131\u015fan \u0130ZPEK, hayata ge\u00e7irdi\u011fi her bir daire i\u00e7in 10 fidan dikerek ekolojik sisteme katk\u0131 sa\u011flayan bir sosyal sorumluluk projesi y\u00fcr\u00fctmektedir. Bu sosyal projenin yan\u0131 s\u0131ra pek \u00e7ok alanda, kulland\u0131\u011f\u0131 malzemelerde ve b\u00fcnyesindeki insan g\u00fcc\u00fcn\u00fcn efektif kanalize edilmesiyle de \u0130ZPEK, \u00e7evreye duyarl\u0131 bir firma oldu\u011funu g\u00f6stermektedir.<\/p><p>\u00a0 \u00a0 \u00a0 \u00a0 \u00a0 Maddeler halinde s\u0131ralamak gerekirse \u0130ZPEK\u2019in \u00c7evre Politikas\u0131 \u015fu \u015fekildedir;<\/p><ul><li style=\"list-style-type: none;\"><ul><li>\u00c7al\u0131\u015fmalar\u0131n\u0131n \u00e7evre \u00fczerindeki etkisini tespit eder ve olumsuz etkilerini en aza indirecek her t\u00fcrl\u00fc \u00f6nlemi al\u0131r.<\/li><li>\u00c7al\u0131\u015fmalar\u0131 i\u00e7in gerekli enerji ve do\u011fal kaynaklar\u0131 en etkin \u015fekilde kullan\u0131r, israf\u0131 \u00f6nlemek i\u00e7in gereken tedbirleri al\u0131r.<\/li><li>\u00c7al\u0131\u015fmalar\u0131n\u0131n sonlar\u0131nda meydana gelen at\u0131klar\u0131 kontrol alt\u0131nda tutar. Hava, su ve topra\u011f\u0131n kirlenmesini \u00f6nlemek i\u00e7in gerekli \u00f6nlemleri al\u0131r ve bunlar\u0131 s\u00fcrekli geli\u015ftirir.<\/li><li>Yapt\u0131\u011f\u0131 i\u015f, sundu\u011fu hizmet ve \u00fcretti\u011fi projelerde \u00e7evre ile ilgili y\u00fcr\u00fcrl\u00fckteki yasal mevzuat\u0131n ve \u00fcyesi oldu\u011fu kurulu\u015flar\u0131n ortaya koydu\u011fu di\u011fer \u015fartlar\u0131n yerine getirildi\u011finden emin olur ve s\u00fcrekli denetimler yapar.<\/li><li>\u00c7evre ile ilgili t\u00fcm \u00e7al\u0131\u015fmalar\u0131n\u0131n, olu\u015fturdu\u011fu politikalar do\u011frultusunda yap\u0131lmas\u0131 i\u00e7in \u00e7al\u0131\u015f\u0131r ve bunun s\u00fcreklili\u011fini sa\u011flar.<\/li><\/ul><\/li><\/ul>\t\t\t\t\t\t\t\t<\/div>\n\t\t\t\t<\/div>\n\t\t\t\t<\/div>\n\t\t\t\t<\/div>\n\t\t\t\t<\/div>","protected":false},"excerpt":{"rendered":"<p>\u00c7evre Politikam\u0131z Yery\u00fcz\u00fc bize atalar\u0131m\u0131zdan miras kalmad\u0131, \u00e7ocuklar\u0131m\u0131zdan \u00f6d\u00fcn\u00e7 ald\u0131k. \u00a0 \u00a0 \u00a0 \u00a0 \u00a0 \u0130ZPEK motto olarak benimsedi\u011fi ve her f\u0131rsatta dile getirdi\u011fi \u2018\u2019Ya\u015famaya De\u011fer Yap\u0131lar\u2019\u2019 projelendirme ve \u00fcretme konusundaki ba\u015far\u0131s\u0131n\u0131n haricinde, bu projeleri \u00fcretmek i\u00e7in \u2018\u2019Ya\u015famaya De\u011fer Bir D\u00fcnya\u2019\u2019 i\u00e7in de \u00e7al\u0131\u015fmas\u0131 gerekti\u011finin bilincinde olan bir firmad\u0131r. \u00c7\u00fcnk\u00fc yap\u0131lar ne kadar sa\u011flam, kaliteli [&hellip;]<\/p>","protected":false},"author":1,"featured_media":0,"parent":0,"menu_order":0,"comment_status":"closed","ping_status":"closed","template":"page-full-width.php","meta":{"footnotes":""},"class_list":["post-14500","page","type-page","status-publish","hentry"],"_links":{"self":[{"href":"https:\/\/izpek.com.tr\/en\/wp-json\/wp\/v2\/pages\/14500","targetHints":{"allow":["GET"]}}],"collection":[{"href":"https:\/\/izpek.com.tr\/en\/wp-json\/wp\/v2\/pages"}],"about":[{"href":"https:\/\/izpek.com.tr\/en\/wp-json\/wp\/v2\/types\/page"}],"author":[{"embeddable":true,"href":"https:\/\/izpek.com.tr\/en\/wp-json\/wp\/v2\/users\/1"}],"replies":[{"embeddable":true,"href":"https:\/\/izpek.com.tr\/en\/wp-json\/wp\/v2\/comments?post=14500"}],"version-history":[{"count":67,"href":"https:\/\/izpek.com.tr\/en\/wp-json\/wp\/v2\/pages\/14500\/revisions"}],"predecessor-version":[{"id":16180,"href":"https:\/\/izpek.com.tr\/en\/wp-json\/wp\/v2\/pages\/14500\/revisions\/16180"}],"wp:attachment":[{"href":"https:\/\/izpek.com.tr\/en\/wp-json\/wp\/v2\/media?parent=14500"}],"curies":[{"name":"wp","href":"https:\/\/api.w.org\/{rel}","templated":true}]}}