{"id":14567,"date":"2025-06-08T06:25:32","date_gmt":"2025-06-08T06:25:32","guid":{"rendered":"https:\/\/izpek.com.tr\/?page_id=14567"},"modified":"2025-06-22T09:55:36","modified_gmt":"2025-06-22T06:55:36","slug":"kalite-politikamiz","status":"publish","type":"page","link":"https:\/\/izpek.com.tr\/en\/kalite-politikamiz\/","title":{"rendered":"Kalite Politikam\u0131z"},"content":{"rendered":"<div data-elementor-type=\"wp-page\" data-elementor-id=\"14567\" class=\"elementor elementor-14567\" data-elementor-settings=\"{&quot;element_pack_global_tooltip_width&quot;:{&quot;unit&quot;:&quot;px&quot;,&quot;size&quot;:&quot;&quot;,&quot;sizes&quot;:[]},&quot;element_pack_global_tooltip_width_tablet&quot;:{&quot;unit&quot;:&quot;px&quot;,&quot;size&quot;:&quot;&quot;,&quot;sizes&quot;:[]},&quot;element_pack_global_tooltip_width_mobile&quot;:{&quot;unit&quot;:&quot;px&quot;,&quot;size&quot;:&quot;&quot;,&quot;sizes&quot;:[]},&quot;element_pack_global_tooltip_padding&quot;:{&quot;unit&quot;:&quot;px&quot;,&quot;top&quot;:&quot;&quot;,&quot;right&quot;:&quot;&quot;,&quot;bottom&quot;:&quot;&quot;,&quot;left&quot;:&quot;&quot;,&quot;isLinked&quot;:true},&quot;element_pack_global_tooltip_padding_tablet&quot;:{&quot;unit&quot;:&quot;px&quot;,&quot;top&quot;:&quot;&quot;,&quot;right&quot;:&quot;&quot;,&quot;bottom&quot;:&quot;&quot;,&quot;left&quot;:&quot;&quot;,&quot;isLinked&quot;:true},&quot;element_pack_global_tooltip_padding_mobile&quot;:{&quot;unit&quot;:&quot;px&quot;,&quot;top&quot;:&quot;&quot;,&quot;right&quot;:&quot;&quot;,&quot;bottom&quot;:&quot;&quot;,&quot;left&quot;:&quot;&quot;,&quot;isLinked&quot;:true},&quot;element_pack_global_tooltip_border_radius&quot;:{&quot;unit&quot;:&quot;px&quot;,&quot;top&quot;:&quot;&quot;,&quot;right&quot;:&quot;&quot;,&quot;bottom&quot;:&quot;&quot;,&quot;left&quot;:&quot;&quot;,&quot;isLinked&quot;:true},&quot;element_pack_global_tooltip_border_radius_tablet&quot;:{&quot;unit&quot;:&quot;px&quot;,&quot;top&quot;:&quot;&quot;,&quot;right&quot;:&quot;&quot;,&quot;bottom&quot;:&quot;&quot;,&quot;left&quot;:&quot;&quot;,&quot;isLinked&quot;:true},&quot;element_pack_global_tooltip_border_radius_mobile&quot;:{&quot;unit&quot;:&quot;px&quot;,&quot;top&quot;:&quot;&quot;,&quot;right&quot;:&quot;&quot;,&quot;bottom&quot;:&quot;&quot;,&quot;left&quot;:&quot;&quot;,&quot;isLinked&quot;:true}}\" data-elementor-post-type=\"page\">\n\t\t\t\t\t\t<section class=\"elementor-section elementor-top-section elementor-element elementor-element-9e103bd elementor-section-full_width elementor-section-height-default elementor-section-height-default qodef-elementor-content-no\" data-id=\"9e103bd\" data-element_type=\"section\" data-settings=\"{&quot;background_background&quot;:&quot;classic&quot;}\">\n\t\t\t\t\t\t<div class=\"elementor-container elementor-column-gap-default\">\n\t\t\t\t\t<div class=\"elementor-column elementor-col-100 elementor-top-column elementor-element elementor-element-2154f91\" data-id=\"2154f91\" data-element_type=\"column\">\n\t\t\t<div class=\"elementor-widget-wrap elementor-element-populated\">\n\t\t\t\t\t\t<div class=\"elementor-element elementor-element-402bd7f elementor-widget__width-initial elementor-widget elementor-widget-archicon_core_section_title\" data-id=\"402bd7f\" data-element_type=\"widget\" data-widget_type=\"archicon_core_section_title.default\">\n\t\t\t\t<div class=\"elementor-widget-container\">\n\t\t\t\t\t<div class=\"qodef-shortcode qodef-m qodef-section-title qodef-alignment--left\"  >\n\t\t\t<h1 class=\"qodef-m-title\" style=\"color: #FFFFFF;text-transform: uppercase\">\n\t<span class=\"qodef-m-title-inner\" style=\"--qodef-st-custom-fs: 90px;--qodef-st-custom-lh: 90px\">\n\t\t\tKalite Politikam\u0131z\t\t<\/span>\n\t<\/h1>\n\t\t<\/div>\n\t\t\t\t<\/div>\n\t\t\t\t<\/div>\n\t\t\t\t\t<\/div>\n\t\t<\/div>\n\t\t\t\t\t<\/div>\n\t\t<\/section>\n\t\t\t\t<section class=\"elementor-section elementor-top-section elementor-element elementor-element-bdff451 elementor-section-full_width elementor-section-height-default elementor-section-height-default qodef-elementor-content-no\" data-id=\"bdff451\" data-element_type=\"section\">\n\t\t\t\t\t\t<div class=\"elementor-container elementor-column-gap-default\">\n\t\t\t\t\t<div class=\"elementor-column elementor-col-100 elementor-top-column elementor-element elementor-element-27a6fdb\" data-id=\"27a6fdb\" data-element_type=\"column\">\n\t\t\t<div class=\"elementor-widget-wrap elementor-element-populated\">\n\t\t\t\t\t\t<div class=\"elementor-element elementor-element-cef816a elementor-widget__width-initial elementor-widget elementor-widget-archicon_core_section_title\" data-id=\"cef816a\" data-element_type=\"widget\" data-widget_type=\"archicon_core_section_title.default\">\n\t\t\t\t<div class=\"elementor-widget-container\">\n\t\t\t\t\t<div class=\"qodef-shortcode qodef-m qodef-section-title qodef-alignment--left\"  >\n\t\t\t<h3 class=\"qodef-m-title\" >\n\t<span class=\"qodef-m-title-inner\" >\n\t\t\tKalite, asla bir tesad\u00fcf de\u011fil; daima ak\u0131ll\u0131 bir gayretin sonucudur.\t\t<\/span>\n\t<\/h3>\n\t\t<\/div>\n\t\t\t\t<\/div>\n\t\t\t\t<\/div>\n\t\t\t\t\t<\/div>\n\t\t<\/div>\n\t\t\t\t\t<\/div>\n\t\t<\/section>\n\t\t<div class=\"elementor-element elementor-element-3dbfbaa e-con-full e-flex e-con e-parent\" data-id=\"3dbfbaa\" data-element_type=\"container\">\n\t\t<div class=\"elementor-element elementor-element-1770d1a e-con-full e-flex e-con e-child\" data-id=\"1770d1a\" data-element_type=\"container\">\n\t\t\t\t<\/div>\n\t\t<div class=\"elementor-element elementor-element-a3634ff e-con-full e-flex e-con e-child\" data-id=\"a3634ff\" data-element_type=\"container\">\n\t\t\t\t<\/div>\n\t\t<div class=\"elementor-element elementor-element-0219c20 e-con-full e-flex e-con e-child\" data-id=\"0219c20\" data-element_type=\"container\">\n\t\t\t\t<div class=\"elementor-element elementor-element-48f3d90 elementor-widget elementor-widget-text-editor\" data-id=\"48f3d90\" data-element_type=\"widget\" data-widget_type=\"text-editor.default\">\n\t\t\t\t<div class=\"elementor-widget-container\">\n\t\t\t\t\t\t\t\t\t<p>\u00a0 \u00a0 \u00a0 \u00a0 \u00a0 \u0130ZPEK\u00a0 olarak bireyler i\u00e7in i\u00e7inde ya\u015fad\u0131klar\u0131 konutlar\u0131n hayatlar\u0131ndaki en \u00f6nemli \u00f6znelerden biri oldu\u011funu biliyoruz. Bu nedenle <em>\u201cYa\u015famaya De\u011fer Yap\u0131lar\u201d<\/em>\u00a0in\u015fa ederken, m\u00fc\u015fterilerin beklentilerini birincil \u00f6ncelik olarak al\u0131yor, kaliteli malzemeler ve i\u015f\u00e7ilik ile projelerimizi hayata ge\u00e7iriyoruz.<\/p><p>\u00a0 \u00a0 \u00a0 \u00a0 \u00a0 Bu ba\u011flamda \u0130ZPEK olarak,<\/p><ul><li style=\"list-style-type: none;\"><ul><li>Tasar\u0131m, i\u015f\u00e7ilik ve hizmet kalitesini en y\u00fcksek standartlara ula\u015ft\u0131rmay\u0131,<\/li><li>B\u00fct\u00fcnle\u015fmi\u015f ekip \u00e7al\u0131\u015fmas\u0131 ile i\u00e7 ileti\u015fimin gereklerini yerine getirmeyi,<\/li><li>\u0130\u00e7 e\u011fitim programlar\u0131nda kaliteye \u00f6ncelik verip, her \u00fcyenin bireysel geli\u015fimini iyile\u015ftirerek istenilen d\u00fczeye getirmeyi,<\/li><li>Projelerimizi eksiksiz bir bi\u00e7im tamamlamay\u0131 ve sahiplerine teslim etmeyi,<\/li><li>Her zaman projenin hayata ge\u00e7ece\u011fi b\u00f6lgenin ihtiya\u00e7lar\u0131n\u0131 g\u00f6zetmeyi, bu ihtiya\u00e7lara y\u00f6nelik farkl\u0131 ve \u00f6zg\u00fcn \u00e7al\u0131\u015fmalar sunmay\u0131,<\/li><li>T\u00fcm yasal zorunluluklar\u0131n yan\u0131 s\u0131ra m\u00fc\u015fterilerin beklentilerini g\u00f6z \u00f6n\u00fcnde tutarak olu\u015fturdu\u011fumuz kontratlar\u0131n gere\u011fini eksiksiz yerine getirmeyi,<\/li><\/ul><\/li><\/ul><p>\u00a0 \u00a0 \u00a0 \u00a0 \u00a0 Kalite g\u00f6stergesi olarak say\u0131yor ve bunlara \u00f6zen g\u00f6stererek kalitemizi en \u00fcst d\u00fczeyde tutmay\u0131 taahh\u00fct ediyoruz.<\/p>\t\t\t\t\t\t\t\t<\/div>\n\t\t\t\t<\/div>\n\t\t\t\t<\/div>\n\t\t\t\t<\/div>\n\t\t\t\t<\/div>","protected":false},"excerpt":{"rendered":"<p>Kalite Politikam\u0131z Kalite, asla bir tesad\u00fcf de\u011fil; daima ak\u0131ll\u0131 bir gayretin sonucudur. \u00a0 \u00a0 \u00a0 \u00a0 \u00a0 \u0130ZPEK\u00a0 olarak bireyler i\u00e7in i\u00e7inde ya\u015fad\u0131klar\u0131 konutlar\u0131n hayatlar\u0131ndaki en \u00f6nemli \u00f6znelerden biri oldu\u011funu biliyoruz. Bu nedenle \u201cYa\u015famaya De\u011fer Yap\u0131lar\u201d\u00a0in\u015fa ederken, m\u00fc\u015fterilerin beklentilerini birincil \u00f6ncelik olarak al\u0131yor, kaliteli malzemeler ve i\u015f\u00e7ilik ile projelerimizi hayata ge\u00e7iriyoruz. \u00a0 \u00a0 \u00a0 \u00a0 [&hellip;]<\/p>","protected":false},"author":1,"featured_media":0,"parent":0,"menu_order":0,"comment_status":"closed","ping_status":"closed","template":"page-full-width.php","meta":{"footnotes":""},"class_list":["post-14567","page","type-page","status-publish","hentry"],"_links":{"self":[{"href":"https:\/\/izpek.com.tr\/en\/wp-json\/wp\/v2\/pages\/14567","targetHints":{"allow":["GET"]}}],"collection":[{"href":"https:\/\/izpek.com.tr\/en\/wp-json\/wp\/v2\/pages"}],"about":[{"href":"https:\/\/izpek.com.tr\/en\/wp-json\/wp\/v2\/types\/page"}],"author":[{"embeddable":true,"href":"https:\/\/izpek.com.tr\/en\/wp-json\/wp\/v2\/users\/1"}],"replies":[{"embeddable":true,"href":"https:\/\/izpek.com.tr\/en\/wp-json\/wp\/v2\/comments?post=14567"}],"version-history":[{"count":7,"href":"https:\/\/izpek.com.tr\/en\/wp-json\/wp\/v2\/pages\/14567\/revisions"}],"predecessor-version":[{"id":16188,"href":"https:\/\/izpek.com.tr\/en\/wp-json\/wp\/v2\/pages\/14567\/revisions\/16188"}],"wp:attachment":[{"href":"https:\/\/izpek.com.tr\/en\/wp-json\/wp\/v2\/media?parent=14567"}],"curies":[{"name":"wp","href":"https:\/\/api.w.org\/{rel}","templated":true}]}}