{"id":14573,"date":"2025-06-08T06:57:32","date_gmt":"2025-06-08T06:57:32","guid":{"rendered":"https:\/\/izpek.com.tr\/?page_id=14573"},"modified":"2025-06-22T09:51:37","modified_gmt":"2025-06-22T06:51:37","slug":"teknoloji-politikamiz","status":"publish","type":"page","link":"https:\/\/izpek.com.tr\/en\/teknoloji-politikamiz\/","title":{"rendered":"Teknoloji Politikam\u0131z"},"content":{"rendered":"<div data-elementor-type=\"wp-page\" data-elementor-id=\"14573\" class=\"elementor elementor-14573\" data-elementor-settings=\"{&quot;element_pack_global_tooltip_width&quot;:{&quot;unit&quot;:&quot;px&quot;,&quot;size&quot;:&quot;&quot;,&quot;sizes&quot;:[]},&quot;element_pack_global_tooltip_width_tablet&quot;:{&quot;unit&quot;:&quot;px&quot;,&quot;size&quot;:&quot;&quot;,&quot;sizes&quot;:[]},&quot;element_pack_global_tooltip_width_mobile&quot;:{&quot;unit&quot;:&quot;px&quot;,&quot;size&quot;:&quot;&quot;,&quot;sizes&quot;:[]},&quot;element_pack_global_tooltip_padding&quot;:{&quot;unit&quot;:&quot;px&quot;,&quot;top&quot;:&quot;&quot;,&quot;right&quot;:&quot;&quot;,&quot;bottom&quot;:&quot;&quot;,&quot;left&quot;:&quot;&quot;,&quot;isLinked&quot;:true},&quot;element_pack_global_tooltip_padding_tablet&quot;:{&quot;unit&quot;:&quot;px&quot;,&quot;top&quot;:&quot;&quot;,&quot;right&quot;:&quot;&quot;,&quot;bottom&quot;:&quot;&quot;,&quot;left&quot;:&quot;&quot;,&quot;isLinked&quot;:true},&quot;element_pack_global_tooltip_padding_mobile&quot;:{&quot;unit&quot;:&quot;px&quot;,&quot;top&quot;:&quot;&quot;,&quot;right&quot;:&quot;&quot;,&quot;bottom&quot;:&quot;&quot;,&quot;left&quot;:&quot;&quot;,&quot;isLinked&quot;:true},&quot;element_pack_global_tooltip_border_radius&quot;:{&quot;unit&quot;:&quot;px&quot;,&quot;top&quot;:&quot;&quot;,&quot;right&quot;:&quot;&quot;,&quot;bottom&quot;:&quot;&quot;,&quot;left&quot;:&quot;&quot;,&quot;isLinked&quot;:true},&quot;element_pack_global_tooltip_border_radius_tablet&quot;:{&quot;unit&quot;:&quot;px&quot;,&quot;top&quot;:&quot;&quot;,&quot;right&quot;:&quot;&quot;,&quot;bottom&quot;:&quot;&quot;,&quot;left&quot;:&quot;&quot;,&quot;isLinked&quot;:true},&quot;element_pack_global_tooltip_border_radius_mobile&quot;:{&quot;unit&quot;:&quot;px&quot;,&quot;top&quot;:&quot;&quot;,&quot;right&quot;:&quot;&quot;,&quot;bottom&quot;:&quot;&quot;,&quot;left&quot;:&quot;&quot;,&quot;isLinked&quot;:true}}\" data-elementor-post-type=\"page\">\n\t\t\t\t\t\t<section class=\"elementor-section elementor-top-section elementor-element elementor-element-9e103bd elementor-section-full_width elementor-section-height-default elementor-section-height-default qodef-elementor-content-no\" data-id=\"9e103bd\" data-element_type=\"section\" data-settings=\"{&quot;background_background&quot;:&quot;classic&quot;}\">\n\t\t\t\t\t\t<div class=\"elementor-container elementor-column-gap-default\">\n\t\t\t\t\t<div class=\"elementor-column elementor-col-100 elementor-top-column elementor-element elementor-element-2154f91\" data-id=\"2154f91\" data-element_type=\"column\">\n\t\t\t<div class=\"elementor-widget-wrap elementor-element-populated\">\n\t\t\t\t\t\t<div class=\"elementor-element elementor-element-402bd7f elementor-widget__width-initial elementor-widget elementor-widget-archicon_core_section_title\" data-id=\"402bd7f\" data-element_type=\"widget\" data-widget_type=\"archicon_core_section_title.default\">\n\t\t\t\t<div class=\"elementor-widget-container\">\n\t\t\t\t\t<div class=\"qodef-shortcode qodef-m qodef-section-title qodef-alignment--left\"  >\n\t\t\t<h1 class=\"qodef-m-title\" style=\"color: #FFFFFF;text-transform: uppercase\">\n\t<span class=\"qodef-m-title-inner\" style=\"--qodef-st-custom-fs: 90px;--qodef-st-custom-lh: 90px\">\n\t\t\tTeknoloji Politikam\u0131z\t\t<\/span>\n\t<\/h1>\n\t\t<\/div>\n\t\t\t\t<\/div>\n\t\t\t\t<\/div>\n\t\t\t\t\t<\/div>\n\t\t<\/div>\n\t\t\t\t\t<\/div>\n\t\t<\/section>\n\t\t\t\t<section class=\"elementor-section elementor-top-section elementor-element elementor-element-bdff451 elementor-section-full_width elementor-section-height-default elementor-section-height-default qodef-elementor-content-no\" data-id=\"bdff451\" data-element_type=\"section\">\n\t\t\t\t\t\t<div class=\"elementor-container elementor-column-gap-default\">\n\t\t\t\t\t<div class=\"elementor-column elementor-col-100 elementor-top-column elementor-element elementor-element-27a6fdb\" data-id=\"27a6fdb\" data-element_type=\"column\">\n\t\t\t<div class=\"elementor-widget-wrap elementor-element-populated\">\n\t\t\t\t\t\t<div class=\"elementor-element elementor-element-cef816a elementor-widget__width-initial elementor-widget elementor-widget-archicon_core_section_title\" data-id=\"cef816a\" data-element_type=\"widget\" data-widget_type=\"archicon_core_section_title.default\">\n\t\t\t\t<div class=\"elementor-widget-container\">\n\t\t\t\t\t<div class=\"qodef-shortcode qodef-m qodef-section-title qodef-alignment--left\"  >\n\t\t\t<h3 class=\"qodef-m-title\" >\n\t<span class=\"qodef-m-title-inner\" >\n\t\t\tGelecek, bug\u00fcnden ona haz\u0131rlananlar\u0131nd\u0131r.\t\t<\/span>\n\t<\/h3>\n\t\t<\/div>\n\t\t\t\t<\/div>\n\t\t\t\t<\/div>\n\t\t\t\t\t<\/div>\n\t\t<\/div>\n\t\t\t\t\t<\/div>\n\t\t<\/section>\n\t\t<div class=\"elementor-element elementor-element-8a057b3 e-flex e-con-boxed e-con e-parent\" data-id=\"8a057b3\" data-element_type=\"container\">\n\t\t\t\t\t<div class=\"e-con-inner\">\n\t\t<div class=\"elementor-element elementor-element-c0c6006 e-con-full e-flex e-con e-child\" data-id=\"c0c6006\" data-element_type=\"container\">\n\t\t\t\t<div class=\"elementor-element elementor-element-be5079e elementor-widget elementor-widget-text-editor\" data-id=\"be5079e\" data-element_type=\"widget\" data-widget_type=\"text-editor.default\">\n\t\t\t\t<div class=\"elementor-widget-container\">\n\t\t\t\t\t\t\t\t\t<p>\u00a0 \u00a0 \u00a0 \u00a0 \u00a0 Ya\u015famaya De\u011fer Yap\u0131lar in\u015fa ederken, bu yap\u0131lar\u0131n sadece sa\u011flam ya da yaln\u0131zca merkezi konumlarda, hayat\u0131n kalbinde olmas\u0131n\u0131n yeterli olmad\u0131\u011f\u0131 bilincinde ilerliyoruz. \u00c7\u00fcnk\u00fc i\u00e7erisinde ya\u015fam\u0131n devam edece\u011fi bir yap\u0131n\u0131n her anlamda modern olmas\u0131 gerekti\u011fini biliyoruz.<\/p><p>\u00a0 \u00a0 \u00a0 \u00a0 \u00a0 Bu nedenle estetik \u00e7izgilerle projelendirdi\u011fimiz t\u00fcm yap\u0131lar, kalite standartlar\u0131 bak\u0131m\u0131ndan \u00fcst\u00fcn, kullan\u0131lan malzeme bak\u0131m\u0131ndan dayan\u0131kl\u0131, sosyal olanaklar a\u00e7\u0131s\u0131ndan ya\u015fam\u0131n her anlamda devam etti\u011fi yap\u0131lar olarak hayata ge\u00e7iriliyor.<\/p><p>\u00a0 \u00a0 \u00a0 \u00a0 \u00a0 B\u00f6ylelikle kaliteyi, konforu, sa\u011flaml\u0131\u011f\u0131, teknolojiyi ve sosyal olanaklar\u0131 4 duvar\u0131n aras\u0131na s\u0131k\u0131\u015ft\u0131r\u0131yor, k\u0131saca \u2018\u2019Ya\u015famaya De\u011fer Yap\u0131lar\u2019\u2019 in\u015fa ediyoruz.<\/p>\t\t\t\t\t\t\t\t<\/div>\n\t\t\t\t<\/div>\n\t\t\t\t<\/div>\n\t\t<div class=\"elementor-element elementor-element-04cd7f9 e-con-full e-flex e-con e-child\" data-id=\"04cd7f9\" data-element_type=\"container\">\n\t\t<div class=\"elementor-element elementor-element-134d512 e-con-full e-flex e-con e-child\" data-id=\"134d512\" data-element_type=\"container\">\n\t\t\t\t<\/div>\n\t\t<div class=\"elementor-element elementor-element-c7b4324 e-con-full e-flex e-con e-child\" data-id=\"c7b4324\" data-element_type=\"container\">\n\t\t\t\t<\/div>\n\t\t\t\t<\/div>\n\t\t\t\t\t<\/div>\n\t\t\t\t<\/div>\n\t\t\t\t<\/div>","protected":false},"excerpt":{"rendered":"<p>Teknoloji Politikam\u0131z Gelecek, bug\u00fcnden ona haz\u0131rlananlar\u0131nd\u0131r. \u00a0 \u00a0 \u00a0 \u00a0 \u00a0 Ya\u015famaya De\u011fer Yap\u0131lar in\u015fa ederken, bu yap\u0131lar\u0131n sadece sa\u011flam ya da yaln\u0131zca merkezi konumlarda, hayat\u0131n kalbinde olmas\u0131n\u0131n yeterli olmad\u0131\u011f\u0131 bilincinde ilerliyoruz. \u00c7\u00fcnk\u00fc i\u00e7erisinde ya\u015fam\u0131n devam edece\u011fi bir yap\u0131n\u0131n her anlamda modern olmas\u0131 gerekti\u011fini biliyoruz. \u00a0 \u00a0 \u00a0 \u00a0 \u00a0 Bu nedenle estetik \u00e7izgilerle projelendirdi\u011fimiz [&hellip;]<\/p>","protected":false},"author":1,"featured_media":0,"parent":0,"menu_order":0,"comment_status":"closed","ping_status":"closed","template":"page-full-width.php","meta":{"footnotes":""},"class_list":["post-14573","page","type-page","status-publish","hentry"],"_links":{"self":[{"href":"https:\/\/izpek.com.tr\/en\/wp-json\/wp\/v2\/pages\/14573","targetHints":{"allow":["GET"]}}],"collection":[{"href":"https:\/\/izpek.com.tr\/en\/wp-json\/wp\/v2\/pages"}],"about":[{"href":"https:\/\/izpek.com.tr\/en\/wp-json\/wp\/v2\/types\/page"}],"author":[{"embeddable":true,"href":"https:\/\/izpek.com.tr\/en\/wp-json\/wp\/v2\/users\/1"}],"replies":[{"embeddable":true,"href":"https:\/\/izpek.com.tr\/en\/wp-json\/wp\/v2\/comments?post=14573"}],"version-history":[{"count":7,"href":"https:\/\/izpek.com.tr\/en\/wp-json\/wp\/v2\/pages\/14573\/revisions"}],"predecessor-version":[{"id":16176,"href":"https:\/\/izpek.com.tr\/en\/wp-json\/wp\/v2\/pages\/14573\/revisions\/16176"}],"wp:attachment":[{"href":"https:\/\/izpek.com.tr\/en\/wp-json\/wp\/v2\/media?parent=14573"}],"curies":[{"name":"wp","href":"https:\/\/api.w.org\/{rel}","templated":true}]}}