{"id":14578,"date":"2025-06-08T07:00:19","date_gmt":"2025-06-08T07:00:19","guid":{"rendered":"https:\/\/izpek.com.tr\/?page_id=14578"},"modified":"2025-06-22T09:54:39","modified_gmt":"2025-06-22T06:54:39","slug":"isg-politikamiz","status":"publish","type":"page","link":"https:\/\/izpek.com.tr\/en\/isg-politikamiz\/","title":{"rendered":"\u0130sg Politikam\u0131z"},"content":{"rendered":"<div data-elementor-type=\"wp-page\" data-elementor-id=\"14578\" class=\"elementor elementor-14578\" data-elementor-settings=\"{&quot;element_pack_global_tooltip_width&quot;:{&quot;unit&quot;:&quot;px&quot;,&quot;size&quot;:&quot;&quot;,&quot;sizes&quot;:[]},&quot;element_pack_global_tooltip_width_tablet&quot;:{&quot;unit&quot;:&quot;px&quot;,&quot;size&quot;:&quot;&quot;,&quot;sizes&quot;:[]},&quot;element_pack_global_tooltip_width_mobile&quot;:{&quot;unit&quot;:&quot;px&quot;,&quot;size&quot;:&quot;&quot;,&quot;sizes&quot;:[]},&quot;element_pack_global_tooltip_padding&quot;:{&quot;unit&quot;:&quot;px&quot;,&quot;top&quot;:&quot;&quot;,&quot;right&quot;:&quot;&quot;,&quot;bottom&quot;:&quot;&quot;,&quot;left&quot;:&quot;&quot;,&quot;isLinked&quot;:true},&quot;element_pack_global_tooltip_padding_tablet&quot;:{&quot;unit&quot;:&quot;px&quot;,&quot;top&quot;:&quot;&quot;,&quot;right&quot;:&quot;&quot;,&quot;bottom&quot;:&quot;&quot;,&quot;left&quot;:&quot;&quot;,&quot;isLinked&quot;:true},&quot;element_pack_global_tooltip_padding_mobile&quot;:{&quot;unit&quot;:&quot;px&quot;,&quot;top&quot;:&quot;&quot;,&quot;right&quot;:&quot;&quot;,&quot;bottom&quot;:&quot;&quot;,&quot;left&quot;:&quot;&quot;,&quot;isLinked&quot;:true},&quot;element_pack_global_tooltip_border_radius&quot;:{&quot;unit&quot;:&quot;px&quot;,&quot;top&quot;:&quot;&quot;,&quot;right&quot;:&quot;&quot;,&quot;bottom&quot;:&quot;&quot;,&quot;left&quot;:&quot;&quot;,&quot;isLinked&quot;:true},&quot;element_pack_global_tooltip_border_radius_tablet&quot;:{&quot;unit&quot;:&quot;px&quot;,&quot;top&quot;:&quot;&quot;,&quot;right&quot;:&quot;&quot;,&quot;bottom&quot;:&quot;&quot;,&quot;left&quot;:&quot;&quot;,&quot;isLinked&quot;:true},&quot;element_pack_global_tooltip_border_radius_mobile&quot;:{&quot;unit&quot;:&quot;px&quot;,&quot;top&quot;:&quot;&quot;,&quot;right&quot;:&quot;&quot;,&quot;bottom&quot;:&quot;&quot;,&quot;left&quot;:&quot;&quot;,&quot;isLinked&quot;:true}}\" data-elementor-post-type=\"page\">\n\t\t\t\t\t\t<section class=\"elementor-section elementor-top-section elementor-element elementor-element-9e103bd elementor-section-full_width elementor-section-height-default elementor-section-height-default qodef-elementor-content-no\" data-id=\"9e103bd\" data-element_type=\"section\" data-settings=\"{&quot;background_background&quot;:&quot;classic&quot;}\">\n\t\t\t\t\t\t<div class=\"elementor-container elementor-column-gap-default\">\n\t\t\t\t\t<div class=\"elementor-column elementor-col-100 elementor-top-column elementor-element elementor-element-2154f91\" data-id=\"2154f91\" data-element_type=\"column\">\n\t\t\t<div class=\"elementor-widget-wrap elementor-element-populated\">\n\t\t\t\t\t\t<div class=\"elementor-element elementor-element-402bd7f elementor-widget__width-initial elementor-widget elementor-widget-archicon_core_section_title\" data-id=\"402bd7f\" data-element_type=\"widget\" data-widget_type=\"archicon_core_section_title.default\">\n\t\t\t\t<div class=\"elementor-widget-container\">\n\t\t\t\t\t<div class=\"qodef-shortcode qodef-m qodef-section-title qodef-alignment--left\"  >\n\t\t\t<h1 class=\"qodef-m-title\" style=\"color: #FFFFFF;text-transform: uppercase\">\n\t<span class=\"qodef-m-title-inner\" style=\"--qodef-st-custom-fs: 90px;--qodef-st-custom-lh: 90px\">\n\t\t\t\u0130sg Politikam\u0131z\t\t<\/span>\n\t<\/h1>\n\t\t<\/div>\n\t\t\t\t<\/div>\n\t\t\t\t<\/div>\n\t\t\t\t\t<\/div>\n\t\t<\/div>\n\t\t\t\t\t<\/div>\n\t\t<\/section>\n\t\t\t\t<section class=\"elementor-section elementor-top-section elementor-element elementor-element-bdff451 elementor-section-full_width elementor-section-height-default elementor-section-height-default qodef-elementor-content-no\" data-id=\"bdff451\" data-element_type=\"section\">\n\t\t\t\t\t\t<div class=\"elementor-container elementor-column-gap-default\">\n\t\t\t\t\t<div class=\"elementor-column elementor-col-100 elementor-top-column elementor-element elementor-element-27a6fdb\" data-id=\"27a6fdb\" data-element_type=\"column\">\n\t\t\t<div class=\"elementor-widget-wrap elementor-element-populated\">\n\t\t\t\t\t\t<div class=\"elementor-element elementor-element-cef816a elementor-widget__width-initial elementor-widget elementor-widget-archicon_core_section_title\" data-id=\"cef816a\" data-element_type=\"widget\" data-widget_type=\"archicon_core_section_title.default\">\n\t\t\t\t<div class=\"elementor-widget-container\">\n\t\t\t\t\t<div class=\"qodef-shortcode qodef-m qodef-section-title qodef-alignment--left\"  >\n\t\t\t<h3 class=\"qodef-m-title\" >\n\t<span class=\"qodef-m-title-inner\" >\n\t\t\tKalite, asla bir tesad\u00fcf de\u011fil; daima ak\u0131ll\u0131 bir gayretin sonucudur.\t\t<\/span>\n\t<\/h3>\n\t\t<\/div>\n\t\t\t\t<\/div>\n\t\t\t\t<\/div>\n\t\t\t\t\t<\/div>\n\t\t<\/div>\n\t\t\t\t\t<\/div>\n\t\t<\/section>\n\t\t<div class=\"elementor-element elementor-element-3dbfbaa e-con-full e-flex e-con e-parent\" data-id=\"3dbfbaa\" data-element_type=\"container\">\n\t\t<div class=\"elementor-element elementor-element-1770d1a e-con-full e-flex e-con e-child\" data-id=\"1770d1a\" data-element_type=\"container\">\n\t\t\t\t<\/div>\n\t\t<div class=\"elementor-element elementor-element-a3634ff e-con-full e-flex e-con e-child\" data-id=\"a3634ff\" data-element_type=\"container\">\n\t\t\t\t<\/div>\n\t\t<div class=\"elementor-element elementor-element-0219c20 e-con-full e-flex e-con e-child\" data-id=\"0219c20\" data-element_type=\"container\">\n\t\t\t\t<div class=\"elementor-element elementor-element-48f3d90 elementor-widget elementor-widget-text-editor\" data-id=\"48f3d90\" data-element_type=\"widget\" data-widget_type=\"text-editor.default\">\n\t\t\t\t<div class=\"elementor-widget-container\">\n\t\t\t\t\t\t\t\t\t<p>\u00a0 \u00a0 \u00a0 \u00a0 \u00a0 \u0130ZPEK olarak, \u00e7evreye duyarl\u0131 modern, teknolojik ve \u201cYa\u015famaya De\u011fer Yap\u0131lar\u201d ortaya koyarken, bunu yaln\u0131z ba\u015f\u0131m\u0131za yapmad\u0131\u011f\u0131m\u0131z\u0131n, b\u00fcy\u00fck bir aile oldu\u011fumuzun bilincinde olarak yola devam ediyoruz. Bizimle birlikte hedeflerimize y\u00fcr\u00fcyen t\u00fcm yol arkada\u015flar\u0131m\u0131z\u0131 da t\u0131pk\u0131 kendimiz gibi g\u00f6r\u00fcyor ve onlar\u0131n sosyal doyuma ula\u015ft\u0131klar\u0131, sa\u011fl\u0131klar\u0131n\u0131n ve ailelerinin g\u00fcvence alt\u0131nda oldu\u011fu bir politika izliyoruz.<\/p><p>\u00a0 \u00a0 \u00a0 \u00a0 \u00a0 Bu politika ba\u011flam\u0131nda \u0130ZPEK olarak,<\/p><ul><li style=\"list-style-type: none;\"><ul><li>\u00dclkemizdeki veya \u00e7al\u0131\u015f\u0131lan \u00fclkenin y\u00fcr\u00fcrl\u00fckteki i\u015f sa\u011fl\u0131\u011f\u0131 ve g\u00fcvenli\u011fi ile ilgili kanun ve y\u00f6netmeliklerine uymay\u0131,<\/li><li>\u0130\u015f Sa\u011fl\u0131\u011f\u0131 ve G\u00fcvenli\u011fi y\u00f6netim sistemini uygulan\u0131rken i\u015fverenler de dahil olmak \u00fczere t\u00fcm taraflar\u0131n beklentilerini dikkate almay\u0131,<\/li><li>\u015eartlara uygunlu\u011fun idame ettirilmesi i\u00e7in \u0130SG Politikas\u0131n\u0131 periyodik olarak g\u00f6zden ge\u00e7irmeyi,<\/li><li>Kamu, \u00f6zel sekt\u00f6r kurulu\u015flar\u0131 ve sivil toplum \u00f6rg\u00fctleri ile edinilen \u0130SG tecr\u00fcbelerini hayata ge\u00e7irmeyi ve payda\u015flar\u0131m\u0131zla payla\u015fmay\u0131,<\/li><li>Kazalara sebebiyet verebilecek tehlikeli ortamlar\u0131n olu\u015fmas\u0131n\u0131 engellemek ve mevcut tehlikeli ortamlar\u0131 ortadan kald\u0131rmay\u0131,<\/li><li>Acil durumlara haz\u0131rl\u0131kl\u0131 olmay\u0131,<\/li><li>\u00c7al\u0131\u015fan t\u00fcm personelimizin \u0130SG sorumluluklar\u0131n\u0131n fark\u0131nda olmas\u0131n\u0131 sa\u011flamak i\u00e7in gerekli duyurular\u0131 yapmay\u0131, e\u011fitim ve bilin\u00e7lendirme \u00e7al\u0131\u015fmalar\u0131 y\u00fcr\u00fctmeyi,<\/li><li>T\u00fcm tedarik\u00e7i ve ta\u015feronlar\u0131m\u0131z\u0131n i\u015f sa\u011fl\u0131\u011f\u0131 ve g\u00fcvenli\u011fi bilincine ula\u015fmas\u0131n\u0131 sa\u011flamak i\u00e7in gerekli e\u011fitim ve \u00f6\u011fretimi temin etmeyi,<\/li><\/ul><\/li><\/ul><p>\u00a0 \u00a0 \u00a0 \u00a0 \u00a0 Taahh\u00fct ediyoruz.<\/p>\t\t\t\t\t\t\t\t<\/div>\n\t\t\t\t<\/div>\n\t\t\t\t<\/div>\n\t\t\t\t<\/div>\n\t\t\t\t<\/div>","protected":false},"excerpt":{"rendered":"<p>\u0130sg Politikam\u0131z Kalite, asla bir tesad\u00fcf de\u011fil; daima ak\u0131ll\u0131 bir gayretin sonucudur. \u00a0 \u00a0 \u00a0 \u00a0 \u00a0 \u0130ZPEK olarak, \u00e7evreye duyarl\u0131 modern, teknolojik ve \u201cYa\u015famaya De\u011fer Yap\u0131lar\u201d ortaya koyarken, bunu yaln\u0131z ba\u015f\u0131m\u0131za yapmad\u0131\u011f\u0131m\u0131z\u0131n, b\u00fcy\u00fck bir aile oldu\u011fumuzun bilincinde olarak yola devam ediyoruz. Bizimle birlikte hedeflerimize y\u00fcr\u00fcyen t\u00fcm yol arkada\u015flar\u0131m\u0131z\u0131 da t\u0131pk\u0131 kendimiz gibi g\u00f6r\u00fcyor ve [&hellip;]<\/p>","protected":false},"author":1,"featured_media":0,"parent":0,"menu_order":0,"comment_status":"closed","ping_status":"closed","template":"page-full-width.php","meta":{"footnotes":""},"class_list":["post-14578","page","type-page","status-publish","hentry"],"_links":{"self":[{"href":"https:\/\/izpek.com.tr\/en\/wp-json\/wp\/v2\/pages\/14578","targetHints":{"allow":["GET"]}}],"collection":[{"href":"https:\/\/izpek.com.tr\/en\/wp-json\/wp\/v2\/pages"}],"about":[{"href":"https:\/\/izpek.com.tr\/en\/wp-json\/wp\/v2\/types\/page"}],"author":[{"embeddable":true,"href":"https:\/\/izpek.com.tr\/en\/wp-json\/wp\/v2\/users\/1"}],"replies":[{"embeddable":true,"href":"https:\/\/izpek.com.tr\/en\/wp-json\/wp\/v2\/comments?post=14578"}],"version-history":[{"count":7,"href":"https:\/\/izpek.com.tr\/en\/wp-json\/wp\/v2\/pages\/14578\/revisions"}],"predecessor-version":[{"id":16184,"href":"https:\/\/izpek.com.tr\/en\/wp-json\/wp\/v2\/pages\/14578\/revisions\/16184"}],"wp:attachment":[{"href":"https:\/\/izpek.com.tr\/en\/wp-json\/wp\/v2\/media?parent=14578"}],"curies":[{"name":"wp","href":"https:\/\/api.w.org\/{rel}","templated":true}]}}