{"id":8009,"date":"2022-04-19T12:40:19","date_gmt":"2022-04-19T12:40:19","guid":{"rendered":"https:\/\/archicon.qodeinteractive.com\/?page_id=8009"},"modified":"2025-06-16T12:50:51","modified_gmt":"2025-06-16T12:50:51","slug":"projeler","status":"publish","type":"page","link":"https:\/\/izpek.com.tr\/en\/projeler\/","title":{"rendered":"Projeler"},"content":{"rendered":"<div data-elementor-type=\"wp-page\" data-elementor-id=\"8009\" class=\"elementor elementor-8009\" data-elementor-settings=\"{&quot;element_pack_global_tooltip_width&quot;:{&quot;unit&quot;:&quot;px&quot;,&quot;size&quot;:&quot;&quot;,&quot;sizes&quot;:[]},&quot;element_pack_global_tooltip_width_tablet&quot;:{&quot;unit&quot;:&quot;px&quot;,&quot;size&quot;:&quot;&quot;,&quot;sizes&quot;:[]},&quot;element_pack_global_tooltip_width_mobile&quot;:{&quot;unit&quot;:&quot;px&quot;,&quot;size&quot;:&quot;&quot;,&quot;sizes&quot;:[]},&quot;element_pack_global_tooltip_padding&quot;:{&quot;unit&quot;:&quot;px&quot;,&quot;top&quot;:&quot;&quot;,&quot;right&quot;:&quot;&quot;,&quot;bottom&quot;:&quot;&quot;,&quot;left&quot;:&quot;&quot;,&quot;isLinked&quot;:true},&quot;element_pack_global_tooltip_padding_tablet&quot;:{&quot;unit&quot;:&quot;px&quot;,&quot;top&quot;:&quot;&quot;,&quot;right&quot;:&quot;&quot;,&quot;bottom&quot;:&quot;&quot;,&quot;left&quot;:&quot;&quot;,&quot;isLinked&quot;:true},&quot;element_pack_global_tooltip_padding_mobile&quot;:{&quot;unit&quot;:&quot;px&quot;,&quot;top&quot;:&quot;&quot;,&quot;right&quot;:&quot;&quot;,&quot;bottom&quot;:&quot;&quot;,&quot;left&quot;:&quot;&quot;,&quot;isLinked&quot;:true},&quot;element_pack_global_tooltip_border_radius&quot;:{&quot;unit&quot;:&quot;px&quot;,&quot;top&quot;:&quot;&quot;,&quot;right&quot;:&quot;&quot;,&quot;bottom&quot;:&quot;&quot;,&quot;left&quot;:&quot;&quot;,&quot;isLinked&quot;:true},&quot;element_pack_global_tooltip_border_radius_tablet&quot;:{&quot;unit&quot;:&quot;px&quot;,&quot;top&quot;:&quot;&quot;,&quot;right&quot;:&quot;&quot;,&quot;bottom&quot;:&quot;&quot;,&quot;left&quot;:&quot;&quot;,&quot;isLinked&quot;:true},&quot;element_pack_global_tooltip_border_radius_mobile&quot;:{&quot;unit&quot;:&quot;px&quot;,&quot;top&quot;:&quot;&quot;,&quot;right&quot;:&quot;&quot;,&quot;bottom&quot;:&quot;&quot;,&quot;left&quot;:&quot;&quot;,&quot;isLinked&quot;:true}}\" data-elementor-post-type=\"page\">\n\t\t\t\t\t\t<section class=\"elementor-section elementor-top-section elementor-element elementor-element-89b86ea elementor-section-full_width qodef-elementor-content-grid elementor-section-height-default elementor-section-height-default\" data-id=\"89b86ea\" data-element_type=\"section\">\n\t\t\t\t\t\t<div class=\"elementor-container elementor-column-gap-default\">\n\t\t\t\t\t<div class=\"elementor-column elementor-col-100 elementor-top-column elementor-element elementor-element-0e83292\" data-id=\"0e83292\" data-element_type=\"column\">\n\t\t\t<div class=\"elementor-widget-wrap elementor-element-populated\">\n\t\t\t\t\t\t<div class=\"elementor-element elementor-element-1b04045 elementor-widget elementor-widget-archicon_core_portfolio_list\" data-id=\"1b04045\" data-element_type=\"widget\" data-widget_type=\"archicon_core_portfolio_list.default\">\n\t\t\t\t<div class=\"elementor-widget-container\">\n\t\t\t\t\t<div class=\"qodef-shortcode qodef-m qodef-portfolio-list qodef-item-layout--info-below qodef-item-year-info--hidden qodef-grid qodef-layout--columns qodef-gutter--normal qodef-col-num--3 qodef-item-layout--info-below qodef-filter--on qodef-pagination--on qodef-pagination-type--infinite-scroll qodef-responsive--predefined qodef-swiper-pagination--on\"  data-options=\"{&quot;plugin&quot;:&quot;archicon_core&quot;,&quot;module&quot;:&quot;post-types\\\/portfolio\\\/shortcodes&quot;,&quot;shortcode&quot;:&quot;portfolio-list&quot;,&quot;post_type&quot;:&quot;portfolio-item&quot;,&quot;next_page&quot;:&quot;2&quot;,&quot;max_pages_num&quot;:1,&quot;behavior&quot;:&quot;columns&quot;,&quot;images_proportion&quot;:&quot;full&quot;,&quot;columns&quot;:&quot;3&quot;,&quot;columns_responsive&quot;:&quot;predefined&quot;,&quot;columns_1440&quot;:&quot;3&quot;,&quot;columns_1366&quot;:&quot;3&quot;,&quot;columns_1024&quot;:&quot;3&quot;,&quot;columns_768&quot;:&quot;3&quot;,&quot;columns_680&quot;:&quot;3&quot;,&quot;columns_480&quot;:&quot;3&quot;,&quot;space&quot;:&quot;normal&quot;,&quot;posts_per_page&quot;:&quot;9&quot;,&quot;orderby&quot;:&quot;date&quot;,&quot;order&quot;:&quot;ASC&quot;,&quot;additional_params&quot;:&quot;tax&quot;,&quot;tax&quot;:&quot;portfolio-category&quot;,&quot;tax_slug&quot;:&quot;projeler&quot;,&quot;layout&quot;:&quot;info-below&quot;,&quot;hover_animation_info-follow&quot;:&quot;follow&quot;,&quot;hover_animation_info-on-hover&quot;:&quot;fade-in&quot;,&quot;title_tag&quot;:&quot;h4&quot;,&quot;custom_margin&quot;:&quot;no&quot;,&quot;enable_filter&quot;:&quot;yes&quot;,&quot;pagination_type&quot;:&quot;infinite-scroll&quot;,&quot;info_below_content_margin_bottom&quot;:&quot;45&quot;,&quot;hide_year&quot;:&quot;yes&quot;,&quot;object_class_name&quot;:&quot;ArchiconCore_Portfolio_List_Shortcode&quot;,&quot;taxonomy_filter&quot;:&quot;portfolio-category&quot;,&quot;additional_query_args&quot;:{&quot;tax_query&quot;:[{&quot;taxonomy&quot;:&quot;portfolio-category&quot;,&quot;field&quot;:&quot;slug&quot;,&quot;terms&quot;:&quot;projeler&quot;}]},&quot;holder_styles&quot;:[],&quot;space_value&quot;:15}\">\n\t\t<div class=\"qodef-m-filter\">\n\t\t\t\t\t<div class=\"qodef-m-filter-items\">\n\t\t\t\t<a class=\"qodef-m-filter-item qodef--active\" href=\"#\" data-taxonomy=\"portfolio-category\" data-filter=\"*\">\n\t\t\t\t\t<span class=\"qodef-m-filter-item-name\">Show All<\/span>\n\t\t\t\t<\/a>\n\t\t\t\t<div class=\"qodef-separator-end\"><\/div>\n\t\t\t\t\t\t\t\t\t<a class=\"qodef-m-filter-item\" href=\"#\" data-taxonomy=\"portfolio-category\" data-filter=\"devam-eden\">\n\t\t\t\t\t\t<span class=\"qodef-m-filter-item-name\">Devam Eden<\/span>\n\t\t\t\t\t<\/a>\n\t\t\t\t\t<div class=\"qodef-separator-end\"><\/div>\n\t\t\t\t\t\t\t\t\t<a class=\"qodef-m-filter-item\" href=\"#\" data-taxonomy=\"portfolio-category\" data-filter=\"tamamlanan\">\n\t\t\t\t\t\t<span class=\"qodef-m-filter-item-name\">Tamamlanan<\/span>\n\t\t\t\t\t<\/a>\n\t\t\t\t\t<div class=\"qodef-separator-end\"><\/div>\n\t\t\t\t\t\t\t<\/div>\n\t\t\t<\/div>\n\t\t<div class=\"qodef-grid-inner clear\">\n\t\t<article class=\"qodef-e qodef-grid-item qodef-item--full post-1338 portfolio-item type-portfolio-item status-publish has-post-thumbnail hentry portfolio-category-projeler portfolio-category-tamamlanan\">\n\t<div class=\"qodef-e-inner\" >\n\t\t<div class=\"qodef-e-media\">\n\t\t\t\t<div class=\"qodef-e-media-image\">\n\t\t<a itemprop=\"url\" href=\"https:\/\/izpek.com.tr\/en\/proje\/trend-bornova\/\" target=\"_self\">\n\t\t\t<img fetchpriority=\"high\" decoding=\"async\" width=\"1267\" height=\"800\" src=\"https:\/\/izpek.com.tr\/wp-content\/uploads\/2022\/04\/trend_ana.jpg\" class=\"attachment-full size-full wp-post-image\" alt=\"\" srcset=\"https:\/\/izpek.com.tr\/wp-content\/uploads\/2022\/04\/trend_ana.jpg 1267w, https:\/\/izpek.com.tr\/wp-content\/uploads\/2022\/04\/trend_ana-300x189.jpg 300w, https:\/\/izpek.com.tr\/wp-content\/uploads\/2022\/04\/trend_ana-1024x647.jpg 1024w, https:\/\/izpek.com.tr\/wp-content\/uploads\/2022\/04\/trend_ana-768x485.jpg 768w, https:\/\/izpek.com.tr\/wp-content\/uploads\/2022\/04\/trend_ana-18x12.jpg 18w\" sizes=\"(max-width: 1267px) 100vw, 1267px\" \/>\t\t<\/a>\n\t<\/div>\n\t\t<\/div>\n\t\t<div class=\"qodef-e-content\" style=\"margin-bottom:45px\">\n\t\t\t\t<div class=\"qodef-e-info-category\">\n\t\t<a href=\"https:\/\/izpek.com.tr\/en\/projelerimiz\/projeler\/\" rel=\"tag\">Projeler<\/a><span class=\"qodef-info-separator-single\"><\/span><a href=\"https:\/\/izpek.com.tr\/en\/projelerimiz\/tamamlanan\/\" rel=\"tag\">Tamamlanan<\/a>\t\t<div class=\"qodef-info-separator-end\"><\/div>\n\t<\/div>\n<h4 itemprop=\"name\" class=\"qodef-e-title entry-title\" >\n\t<a itemprop=\"url\" class=\"qodef-e-title-link\" href=\"https:\/\/izpek.com.tr\/en\/proje\/trend-bornova\/\" target=\"_self\">\n\t\tTrend Bornova\t<\/a>\n<\/h4>\n\t\t<\/div>\n\t<\/div>\n<\/article>\n<article class=\"qodef-e qodef-grid-item qodef-item--full post-15702 portfolio-item type-portfolio-item status-publish has-post-thumbnail hentry portfolio-category-projeler portfolio-category-tamamlanan\">\n\t<div class=\"qodef-e-inner\" >\n\t\t<div class=\"qodef-e-media\">\n\t\t\t\t<div class=\"qodef-e-media-image\">\n\t\t<a itemprop=\"url\" href=\"https:\/\/izpek.com.tr\/en\/proje\/station_aliaga\/\" target=\"_self\">\n\t\t\t<img decoding=\"async\" width=\"1267\" height=\"800\" src=\"https:\/\/izpek.com.tr\/wp-content\/uploads\/2025\/06\/station_ana.jpg\" class=\"attachment-full size-full wp-post-image\" alt=\"\" srcset=\"https:\/\/izpek.com.tr\/wp-content\/uploads\/2025\/06\/station_ana.jpg 1267w, https:\/\/izpek.com.tr\/wp-content\/uploads\/2025\/06\/station_ana-300x189.jpg 300w, https:\/\/izpek.com.tr\/wp-content\/uploads\/2025\/06\/station_ana-1024x647.jpg 1024w, https:\/\/izpek.com.tr\/wp-content\/uploads\/2025\/06\/station_ana-768x485.jpg 768w, https:\/\/izpek.com.tr\/wp-content\/uploads\/2025\/06\/station_ana-18x12.jpg 18w\" sizes=\"(max-width: 1267px) 100vw, 1267px\" \/>\t\t<\/a>\n\t<\/div>\n\t\t<\/div>\n\t\t<div class=\"qodef-e-content\" style=\"margin-bottom:45px\">\n\t\t\t\t<div class=\"qodef-e-info-category\">\n\t\t<a href=\"https:\/\/izpek.com.tr\/en\/projelerimiz\/projeler\/\" rel=\"tag\">Projeler<\/a><span class=\"qodef-info-separator-single\"><\/span><a href=\"https:\/\/izpek.com.tr\/en\/projelerimiz\/tamamlanan\/\" rel=\"tag\">Tamamlanan<\/a>\t\t<div class=\"qodef-info-separator-end\"><\/div>\n\t<\/div>\n<h4 itemprop=\"name\" class=\"qodef-e-title entry-title\" >\n\t<a itemprop=\"url\" class=\"qodef-e-title-link\" href=\"https:\/\/izpek.com.tr\/en\/proje\/station_aliaga\/\" target=\"_self\">\n\t\tStation Alia\u011fa\t<\/a>\n<\/h4>\n\t\t<\/div>\n\t<\/div>\n<\/article>\n<article class=\"qodef-e qodef-grid-item qodef-item--full post-15736 portfolio-item type-portfolio-item status-publish has-post-thumbnail hentry portfolio-category-projeler portfolio-category-tamamlanan\">\n\t<div class=\"qodef-e-inner\" >\n\t\t<div class=\"qodef-e-media\">\n\t\t\t\t<div class=\"qodef-e-media-image\">\n\t\t<a itemprop=\"url\" href=\"https:\/\/izpek.com.tr\/en\/proje\/myvista-aliaga\/\" target=\"_self\">\n\t\t\t<img decoding=\"async\" width=\"1267\" height=\"800\" src=\"https:\/\/izpek.com.tr\/wp-content\/uploads\/2025\/06\/myvista_ana.jpg\" class=\"attachment-full size-full wp-post-image\" alt=\"\" srcset=\"https:\/\/izpek.com.tr\/wp-content\/uploads\/2025\/06\/myvista_ana.jpg 1267w, https:\/\/izpek.com.tr\/wp-content\/uploads\/2025\/06\/myvista_ana-300x189.jpg 300w, https:\/\/izpek.com.tr\/wp-content\/uploads\/2025\/06\/myvista_ana-1024x647.jpg 1024w, https:\/\/izpek.com.tr\/wp-content\/uploads\/2025\/06\/myvista_ana-768x485.jpg 768w, https:\/\/izpek.com.tr\/wp-content\/uploads\/2025\/06\/myvista_ana-18x12.jpg 18w\" sizes=\"(max-width: 1267px) 100vw, 1267px\" \/>\t\t<\/a>\n\t<\/div>\n\t\t<\/div>\n\t\t<div class=\"qodef-e-content\" style=\"margin-bottom:45px\">\n\t\t\t\t<div class=\"qodef-e-info-category\">\n\t\t<a href=\"https:\/\/izpek.com.tr\/en\/projelerimiz\/projeler\/\" rel=\"tag\">Projeler<\/a><span class=\"qodef-info-separator-single\"><\/span><a href=\"https:\/\/izpek.com.tr\/en\/projelerimiz\/tamamlanan\/\" rel=\"tag\">Tamamlanan<\/a>\t\t<div class=\"qodef-info-separator-end\"><\/div>\n\t<\/div>\n<h4 itemprop=\"name\" class=\"qodef-e-title entry-title\" >\n\t<a itemprop=\"url\" class=\"qodef-e-title-link\" href=\"https:\/\/izpek.com.tr\/en\/proje\/myvista-aliaga\/\" target=\"_self\">\n\t\tMyVista Alia\u011fa\t<\/a>\n<\/h4>\n\t\t<\/div>\n\t<\/div>\n<\/article>\n<article class=\"qodef-e qodef-grid-item qodef-item--full post-15772 portfolio-item type-portfolio-item status-publish has-post-thumbnail hentry portfolio-category-projeler portfolio-category-tamamlanan\">\n\t<div class=\"qodef-e-inner\" >\n\t\t<div class=\"qodef-e-media\">\n\t\t\t\t<div class=\"qodef-e-media-image\">\n\t\t<a itemprop=\"url\" href=\"https:\/\/izpek.com.tr\/en\/proje\/myvista_smart1\/\" target=\"_self\">\n\t\t\t<img loading=\"lazy\" decoding=\"async\" width=\"1267\" height=\"800\" src=\"https:\/\/izpek.com.tr\/wp-content\/uploads\/2025\/06\/myvista_ana-1.jpg\" class=\"attachment-full size-full wp-post-image\" alt=\"\" srcset=\"https:\/\/izpek.com.tr\/wp-content\/uploads\/2025\/06\/myvista_ana-1.jpg 1267w, https:\/\/izpek.com.tr\/wp-content\/uploads\/2025\/06\/myvista_ana-1-300x189.jpg 300w, https:\/\/izpek.com.tr\/wp-content\/uploads\/2025\/06\/myvista_ana-1-1024x647.jpg 1024w, https:\/\/izpek.com.tr\/wp-content\/uploads\/2025\/06\/myvista_ana-1-768x485.jpg 768w, https:\/\/izpek.com.tr\/wp-content\/uploads\/2025\/06\/myvista_ana-1-18x12.jpg 18w\" sizes=\"(max-width: 1267px) 100vw, 1267px\" \/>\t\t<\/a>\n\t<\/div>\n\t\t<\/div>\n\t\t<div class=\"qodef-e-content\" style=\"margin-bottom:45px\">\n\t\t\t\t<div class=\"qodef-e-info-category\">\n\t\t<a href=\"https:\/\/izpek.com.tr\/en\/projelerimiz\/projeler\/\" rel=\"tag\">Projeler<\/a><span class=\"qodef-info-separator-single\"><\/span><a href=\"https:\/\/izpek.com.tr\/en\/projelerimiz\/tamamlanan\/\" rel=\"tag\">Tamamlanan<\/a>\t\t<div class=\"qodef-info-separator-end\"><\/div>\n\t<\/div>\n<h4 itemprop=\"name\" class=\"qodef-e-title entry-title\" >\n\t<a itemprop=\"url\" class=\"qodef-e-title-link\" href=\"https:\/\/izpek.com.tr\/en\/proje\/myvista_smart1\/\" target=\"_self\">\n\t\tMyVista Smart I\t<\/a>\n<\/h4>\n\t\t<\/div>\n\t<\/div>\n<\/article>\n<article class=\"qodef-e qodef-grid-item qodef-item--full post-15821 portfolio-item type-portfolio-item status-publish has-post-thumbnail hentry portfolio-category-projeler portfolio-category-tamamlanan\">\n\t<div class=\"qodef-e-inner\" >\n\t\t<div class=\"qodef-e-media\">\n\t\t\t\t<div class=\"qodef-e-media-image\">\n\t\t<a itemprop=\"url\" href=\"https:\/\/izpek.com.tr\/en\/proje\/myvista-smart-ii\/\" target=\"_self\">\n\t\t\t<img loading=\"lazy\" decoding=\"async\" width=\"1267\" height=\"800\" src=\"https:\/\/izpek.com.tr\/wp-content\/uploads\/2025\/06\/SMART2_ana.jpg\" class=\"attachment-full size-full wp-post-image\" alt=\"\" srcset=\"https:\/\/izpek.com.tr\/wp-content\/uploads\/2025\/06\/SMART2_ana.jpg 1267w, https:\/\/izpek.com.tr\/wp-content\/uploads\/2025\/06\/SMART2_ana-300x189.jpg 300w, https:\/\/izpek.com.tr\/wp-content\/uploads\/2025\/06\/SMART2_ana-1024x647.jpg 1024w, https:\/\/izpek.com.tr\/wp-content\/uploads\/2025\/06\/SMART2_ana-768x485.jpg 768w, https:\/\/izpek.com.tr\/wp-content\/uploads\/2025\/06\/SMART2_ana-18x12.jpg 18w\" sizes=\"(max-width: 1267px) 100vw, 1267px\" \/>\t\t<\/a>\n\t<\/div>\n\t\t<\/div>\n\t\t<div class=\"qodef-e-content\" style=\"margin-bottom:45px\">\n\t\t\t\t<div class=\"qodef-e-info-category\">\n\t\t<a href=\"https:\/\/izpek.com.tr\/en\/projelerimiz\/projeler\/\" rel=\"tag\">Projeler<\/a><span class=\"qodef-info-separator-single\"><\/span><a href=\"https:\/\/izpek.com.tr\/en\/projelerimiz\/tamamlanan\/\" rel=\"tag\">Tamamlanan<\/a>\t\t<div class=\"qodef-info-separator-end\"><\/div>\n\t<\/div>\n<h4 itemprop=\"name\" class=\"qodef-e-title entry-title\" >\n\t<a itemprop=\"url\" class=\"qodef-e-title-link\" href=\"https:\/\/izpek.com.tr\/en\/proje\/myvista-smart-ii\/\" target=\"_self\">\n\t\tMyVista Smart II\t<\/a>\n<\/h4>\n\t\t<\/div>\n\t<\/div>\n<\/article>\n<article class=\"qodef-e qodef-grid-item qodef-item--full post-15935 portfolio-item type-portfolio-item status-publish has-post-thumbnail hentry portfolio-category-projeler portfolio-category-tamamlanan\">\n\t<div class=\"qodef-e-inner\" >\n\t\t<div class=\"qodef-e-media\">\n\t\t\t\t<div class=\"qodef-e-media-image\">\n\t\t<a itemprop=\"url\" href=\"https:\/\/izpek.com.tr\/en\/proje\/izpek-office-i\/\" target=\"_self\">\n\t\t\t<img loading=\"lazy\" decoding=\"async\" width=\"1267\" height=\"800\" src=\"https:\/\/izpek.com.tr\/wp-content\/uploads\/2025\/06\/office1_ana.jpg\" class=\"attachment-full size-full wp-post-image\" alt=\"\" srcset=\"https:\/\/izpek.com.tr\/wp-content\/uploads\/2025\/06\/office1_ana.jpg 1267w, https:\/\/izpek.com.tr\/wp-content\/uploads\/2025\/06\/office1_ana-300x189.jpg 300w, https:\/\/izpek.com.tr\/wp-content\/uploads\/2025\/06\/office1_ana-1024x647.jpg 1024w, https:\/\/izpek.com.tr\/wp-content\/uploads\/2025\/06\/office1_ana-768x485.jpg 768w, https:\/\/izpek.com.tr\/wp-content\/uploads\/2025\/06\/office1_ana-18x12.jpg 18w\" sizes=\"(max-width: 1267px) 100vw, 1267px\" \/>\t\t<\/a>\n\t<\/div>\n\t\t<\/div>\n\t\t<div class=\"qodef-e-content\" style=\"margin-bottom:45px\">\n\t\t\t\t<div class=\"qodef-e-info-category\">\n\t\t<a href=\"https:\/\/izpek.com.tr\/en\/projelerimiz\/projeler\/\" rel=\"tag\">Projeler<\/a><span class=\"qodef-info-separator-single\"><\/span><a href=\"https:\/\/izpek.com.tr\/en\/projelerimiz\/tamamlanan\/\" rel=\"tag\">Tamamlanan<\/a>\t\t<div class=\"qodef-info-separator-end\"><\/div>\n\t<\/div>\n<h4 itemprop=\"name\" class=\"qodef-e-title entry-title\" >\n\t<a itemprop=\"url\" class=\"qodef-e-title-link\" href=\"https:\/\/izpek.com.tr\/en\/proje\/izpek-office-i\/\" target=\"_self\">\n\t\t\u0130zpek Office I\t<\/a>\n<\/h4>\n\t\t<\/div>\n\t<\/div>\n<\/article>\n<article class=\"qodef-e qodef-grid-item qodef-item--full post-16433 portfolio-item type-portfolio-item status-publish has-post-thumbnail hentry portfolio-category-devam-eden portfolio-category-projeler\">\n\t<div class=\"qodef-e-inner\" >\n\t\t<div class=\"qodef-e-media\">\n\t\t\t\t<div class=\"qodef-e-media-image\">\n\t\t<a itemprop=\"url\" href=\"https:\/\/izpek.com.tr\/en\/proje\/iconicaliaga\/\" target=\"_self\">\n\t\t\t<img loading=\"lazy\" decoding=\"async\" width=\"1200\" height=\"675\" src=\"https:\/\/izpek.com.tr\/wp-content\/uploads\/2025\/07\/iconic_main1.png\" class=\"attachment-full size-full wp-post-image\" alt=\"\" srcset=\"https:\/\/izpek.com.tr\/wp-content\/uploads\/2025\/07\/iconic_main1.png 1200w, https:\/\/izpek.com.tr\/wp-content\/uploads\/2025\/07\/iconic_main1-300x169.png 300w, https:\/\/izpek.com.tr\/wp-content\/uploads\/2025\/07\/iconic_main1-1024x576.png 1024w, https:\/\/izpek.com.tr\/wp-content\/uploads\/2025\/07\/iconic_main1-768x432.png 768w, https:\/\/izpek.com.tr\/wp-content\/uploads\/2025\/07\/iconic_main1-18x10.png 18w\" sizes=\"(max-width: 1200px) 100vw, 1200px\" \/>\t\t<\/a>\n\t<\/div>\n\t\t<\/div>\n\t\t<div class=\"qodef-e-content\" style=\"margin-bottom:45px\">\n\t\t\t\t<div class=\"qodef-e-info-category\">\n\t\t<a href=\"https:\/\/izpek.com.tr\/en\/projelerimiz\/devam-eden\/\" rel=\"tag\">Devam Eden<\/a><span class=\"qodef-info-separator-single\"><\/span><a href=\"https:\/\/izpek.com.tr\/en\/projelerimiz\/projeler\/\" rel=\"tag\">Projeler<\/a>\t\t<div class=\"qodef-info-separator-end\"><\/div>\n\t<\/div>\n<h4 itemprop=\"name\" class=\"qodef-e-title entry-title\" >\n\t<a itemprop=\"url\" class=\"qodef-e-title-link\" href=\"https:\/\/izpek.com.tr\/en\/proje\/iconicaliaga\/\" target=\"_self\">\n\t\tICONIC Alia\u011fa\t<\/a>\n<\/h4>\n\t\t<\/div>\n\t<\/div>\n<\/article>\n<article class=\"qodef-e qodef-grid-item qodef-item--full post-16580 portfolio-item type-portfolio-item status-publish has-post-thumbnail hentry portfolio-category-devam-eden portfolio-category-projeler\">\n\t<div class=\"qodef-e-inner\" >\n\t\t<div class=\"qodef-e-media\">\n\t\t\t\t<div class=\"qodef-e-media-image\">\n\t\t<a itemprop=\"url\" href=\"https:\/\/izpek.com.tr\/en\/proje\/izpek-hillside-aliaga\/\" target=\"_self\">\n\t\t\t<img loading=\"lazy\" decoding=\"async\" width=\"1296\" height=\"739\" src=\"https:\/\/izpek.com.tr\/wp-content\/uploads\/2025\/12\/HillSideCover.jpeg\" class=\"attachment-full size-full wp-post-image\" alt=\"\" srcset=\"https:\/\/izpek.com.tr\/wp-content\/uploads\/2025\/12\/HillSideCover.jpeg 1296w, https:\/\/izpek.com.tr\/wp-content\/uploads\/2025\/12\/HillSideCover-300x171.jpeg 300w, https:\/\/izpek.com.tr\/wp-content\/uploads\/2025\/12\/HillSideCover-1024x584.jpeg 1024w, https:\/\/izpek.com.tr\/wp-content\/uploads\/2025\/12\/HillSideCover-768x438.jpeg 768w, https:\/\/izpek.com.tr\/wp-content\/uploads\/2025\/12\/HillSideCover-18x10.jpeg 18w\" sizes=\"(max-width: 1296px) 100vw, 1296px\" \/>\t\t<\/a>\n\t<\/div>\n\t\t<\/div>\n\t\t<div class=\"qodef-e-content\" style=\"margin-bottom:45px\">\n\t\t\t\t<div class=\"qodef-e-info-category\">\n\t\t<a href=\"https:\/\/izpek.com.tr\/en\/projelerimiz\/devam-eden\/\" rel=\"tag\">Devam Eden<\/a><span class=\"qodef-info-separator-single\"><\/span><a href=\"https:\/\/izpek.com.tr\/en\/projelerimiz\/projeler\/\" rel=\"tag\">Projeler<\/a>\t\t<div class=\"qodef-info-separator-end\"><\/div>\n\t<\/div>\n<h4 itemprop=\"name\" class=\"qodef-e-title entry-title\" >\n\t<a itemprop=\"url\" class=\"qodef-e-title-link\" href=\"https:\/\/izpek.com.tr\/en\/proje\/izpek-hillside-aliaga\/\" target=\"_self\">\n\t\t\u0130zpek HILLSIDE Alia\u011fa\t<\/a>\n<\/h4>\n\t\t<\/div>\n\t<\/div>\n<\/article>\n\t<\/div>\n\t<\/div>\n\t\t\t\t<\/div>\n\t\t\t\t<\/div>\n\t\t\t\t\t<\/div>\n\t\t<\/div>\n\t\t\t\t\t<\/div>\n\t\t<\/section>\n\t\t\t\t<\/div>","protected":false},"excerpt":{"rendered":"<p>Show All Devam Eden Konsept \u00c7al\u0131\u015fmalar Tamamlanan ProjelerTamamlanan Trend Bornova ProjelerTamamlanan MyVista SMART I ProjelerTamamlanan Station PLUS ProjelerTamamlanan MyVista OFFICE ProjelerTamamlanan MyVista ProjelerTamamlanan MyVista SMART II ProjelerTamamlanan MyVista SUITS Alia\u011fa ProjelerTamamlanan Kordon Konsept \u00c7al\u0131\u015fmalarProjeler Almaty 555 &#8211; KZ<\/p>","protected":false},"author":1,"featured_media":0,"parent":0,"menu_order":0,"comment_status":"closed","ping_status":"closed","template":"page-full-width.php","meta":{"footnotes":""},"class_list":["post-8009","page","type-page","status-publish","hentry"],"_links":{"self":[{"href":"https:\/\/izpek.com.tr\/en\/wp-json\/wp\/v2\/pages\/8009","targetHints":{"allow":["GET"]}}],"collection":[{"href":"https:\/\/izpek.com.tr\/en\/wp-json\/wp\/v2\/pages"}],"about":[{"href":"https:\/\/izpek.com.tr\/en\/wp-json\/wp\/v2\/types\/page"}],"author":[{"embeddable":true,"href":"https:\/\/izpek.com.tr\/en\/wp-json\/wp\/v2\/users\/1"}],"replies":[{"embeddable":true,"href":"https:\/\/izpek.com.tr\/en\/wp-json\/wp\/v2\/comments?post=8009"}],"version-history":[{"count":18,"href":"https:\/\/izpek.com.tr\/en\/wp-json\/wp\/v2\/pages\/8009\/revisions"}],"predecessor-version":[{"id":15643,"href":"https:\/\/izpek.com.tr\/en\/wp-json\/wp\/v2\/pages\/8009\/revisions\/15643"}],"wp:attachment":[{"href":"https:\/\/izpek.com.tr\/en\/wp-json\/wp\/v2\/media?parent=8009"}],"curies":[{"name":"wp","href":"https:\/\/api.w.org\/{rel}","templated":true}]}}